{"id":52493,"date":"2025-01-11T09:17:54","date_gmt":"2025-01-11T08:17:54","guid":{"rendered":"https:\/\/murter.riot.hr\/?post_type=product&#038;p=52493"},"modified":"2025-04-19T19:41:39","modified_gmt":"2025-04-19T18:41:39","slug":"haus-renata-ferienwohnung-pool-view-a4-id-73","status":"publish","type":"product","link":"https:\/\/murter-online.com\/de\/produkt\/haus-renata-ferienwohnung-pool-view-a4-id-73\/","title":{"rendered":"Ferienwohnung Murter mit pool in Villa in Murter A4 ID 73"},"content":{"rendered":"","protected":false},"excerpt":{"rendered":"<p>Intime Wohnung im ersten Stock Die Wohnung befindet sich im ersten Stock einer Steinvilla und besteht aus zwei Doppelzimmern, einem kleinen Wohnzimmer mit K\u00fcche und Bad. Von der romantischen Terrasse genie\u00dfen Sie den Blick auf den Pool und die berauschenden D\u00fcfte mediterraner Kr\u00e4uter.<\/p>\n","protected":false},"featured_media":44534,"template":"","meta":{"_acf_changed":false},"product_brand":[],"product_cat":[],"product_tag":[],"class_list":{"0":"post-52493","1":"product","2":"type-product","3":"status-publish","4":"has-post-thumbnail","7":"first","8":"instock","9":"sold-individually","10":"shipping-taxable","11":"purchasable","12":"product-type-phive_booking"},"acf":[],"_links":{"self":[{"href":"https:\/\/murter-online.com\/de\/wp-json\/wp\/v2\/product\/52493","targetHints":{"allow":["GET"]}}],"collection":[{"href":"https:\/\/murter-online.com\/de\/wp-json\/wp\/v2\/product"}],"about":[{"href":"https:\/\/murter-online.com\/de\/wp-json\/wp\/v2\/types\/product"}],"wp:featuredmedia":[{"embeddable":true,"href":"https:\/\/murter-online.com\/de\/wp-json\/wp\/v2\/media\/44534"}],"wp:attachment":[{"href":"https:\/\/murter-online.com\/de\/wp-json\/wp\/v2\/media?parent=52493"}],"wp:term":[{"taxonomy":"product_brand","embeddable":true,"href":"https:\/\/murter-online.com\/de\/wp-json\/wp\/v2\/product_brand?post=52493"},{"taxonomy":"product_cat","embeddable":true,"href":"https:\/\/murter-online.com\/de\/wp-json\/wp\/v2\/product_cat?post=52493"},{"taxonomy":"product_tag","embeddable":true,"href":"https:\/\/murter-online.com\/de\/wp-json\/wp\/v2\/product_tag?post=52493"}],"curies":[{"name":"wp","href":"https:\/\/api.w.org\/{rel}","templated":true}]}}