{"id":52495,"date":"2025-01-05T10:27:40","date_gmt":"2025-01-05T09:27:40","guid":{"rendered":"https:\/\/murter.riot.hr\/?post_type=product&#038;p=52495"},"modified":"2025-05-01T07:41:28","modified_gmt":"2025-05-01T06:41:28","slug":"apartman-dragica-a71-id-24","status":"publish","type":"product","link":"https:\/\/murter-online.com\/de\/produkt\/apartman-dragica-a71-id-24\/","title":{"rendered":"Ferienwohnung f\u00fcr familien Strand Slanica Dragica A7+1 ID 24"},"content":{"rendered":"","protected":false},"excerpt":{"rendered":"<p>Die Wohnung befindet sich in toller Lage, nur 400 Meter vom Meer entfernt. Die Wohnung hat eine Fl\u00e4che von 100 m2. Es verf\u00fcgt \u00fcber vier Schlafzimmer, in denen 7 Erwachsene schlafen k\u00f6nnen. Es verf\u00fcgt \u00fcber ein Wohnzimmer, das zum Schlafen genutzt werden kann. Es verf\u00fcgt \u00fcber ein Zustellbett f\u00fcr eine Person. Es verf\u00fcgt \u00fcber ein Badezimmer mit Dusche. Die Fl\u00e4che des Balkons\/Terrasse betr\u00e4gt 25 m2. Die Wohnung befindet sich im ersten Stock des Hauses. Die Wohnung ist mit TV, Backofen, Waschmaschine ausgestattet. Parkpl\u00e4tze stehen zur Verf\u00fcgung und sind im Preis inbegriffen. Die Wohnung liegt etwa 1000 m vom Stadtzentrum und 400 m vom Meer oder dem ersten Strand in Murter entfernt. Haustiere sind gegen eine zus\u00e4tzliche Geb\u00fchr erlaubt.<\/p>\n","protected":false},"featured_media":24190,"template":"","meta":{"_acf_changed":false},"product_brand":[],"product_cat":[144,130],"product_tag":[],"class_list":{"0":"post-52495","1":"product","2":"type-product","3":"status-publish","4":"has-post-thumbnail","6":"product_cat-familien-ferienwohnung","7":"product_cat-ferienwohnungen","9":"first","10":"instock","11":"sold-individually","12":"shipping-taxable","13":"purchasable","14":"product-type-phive_booking"},"acf":[],"_links":{"self":[{"href":"https:\/\/murter-online.com\/de\/wp-json\/wp\/v2\/product\/52495","targetHints":{"allow":["GET"]}}],"collection":[{"href":"https:\/\/murter-online.com\/de\/wp-json\/wp\/v2\/product"}],"about":[{"href":"https:\/\/murter-online.com\/de\/wp-json\/wp\/v2\/types\/product"}],"wp:featuredmedia":[{"embeddable":true,"href":"https:\/\/murter-online.com\/de\/wp-json\/wp\/v2\/media\/24190"}],"wp:attachment":[{"href":"https:\/\/murter-online.com\/de\/wp-json\/wp\/v2\/media?parent=52495"}],"wp:term":[{"taxonomy":"product_brand","embeddable":true,"href":"https:\/\/murter-online.com\/de\/wp-json\/wp\/v2\/product_brand?post=52495"},{"taxonomy":"product_cat","embeddable":true,"href":"https:\/\/murter-online.com\/de\/wp-json\/wp\/v2\/product_cat?post=52495"},{"taxonomy":"product_tag","embeddable":true,"href":"https:\/\/murter-online.com\/de\/wp-json\/wp\/v2\/product_tag?post=52495"}],"curies":[{"name":"wp","href":"https:\/\/api.w.org\/{rel}","templated":true}]}}