{"id":52500,"date":"2025-01-06T14:21:29","date_gmt":"2025-01-06T14:21:29","guid":{"rendered":"https:\/\/murter.riot.hr\/?post_type=product&#038;p=52500"},"modified":"2025-04-06T11:04:42","modified_gmt":"2025-04-06T10:04:42","slug":"ferienwohnung-slanica-new-sea-view-a3-id-172","status":"publish","type":"product","link":"https:\/\/murter-online.com\/de\/produkt\/ferienwohnung-slanica-new-sea-view-a3-id-172\/","title":{"rendered":"Ferienwohnung Murter meerblick  strand Slanica  A3 ID 172"},"content":{"rendered":"","protected":false},"excerpt":{"rendered":"<p>Die Wohnung hat eine Fl\u00e4che von 28 m2. Es ist ein Studio-Apartment f\u00fcr 3 Erwachsene. Die Wohnung verf\u00fcgt \u00fcber einen Balkon mit Blick auf das Meer und den Garten. Es gibt kostenloses WLAN und einen kostenlosen Parkplatz vor der Unterkunft. Die Wohnung verf\u00fcgt \u00fcber ein Badezimmer mit Dusche, WC, Haartrockner. Die K\u00fcche ist komplett ausgestattet. Es gibt einen Au\u00dfengrill, der benutzt werden kann.<\/p>\n","protected":false},"featured_media":31678,"template":"","meta":{"_acf_changed":false},"product_brand":[],"product_cat":[144,130,142],"product_tag":[],"class_list":{"0":"post-52500","1":"product","2":"type-product","3":"status-publish","4":"has-post-thumbnail","6":"product_cat-familien-ferienwohnung","7":"product_cat-ferienwohnungen","8":"product_cat-ferienwohnungen-mit-meerblick","10":"first","11":"instock","12":"sold-individually","13":"shipping-taxable","14":"purchasable","15":"product-type-phive_booking"},"acf":[],"_links":{"self":[{"href":"https:\/\/murter-online.com\/de\/wp-json\/wp\/v2\/product\/52500","targetHints":{"allow":["GET"]}}],"collection":[{"href":"https:\/\/murter-online.com\/de\/wp-json\/wp\/v2\/product"}],"about":[{"href":"https:\/\/murter-online.com\/de\/wp-json\/wp\/v2\/types\/product"}],"wp:featuredmedia":[{"embeddable":true,"href":"https:\/\/murter-online.com\/de\/wp-json\/wp\/v2\/media\/31678"}],"wp:attachment":[{"href":"https:\/\/murter-online.com\/de\/wp-json\/wp\/v2\/media?parent=52500"}],"wp:term":[{"taxonomy":"product_brand","embeddable":true,"href":"https:\/\/murter-online.com\/de\/wp-json\/wp\/v2\/product_brand?post=52500"},{"taxonomy":"product_cat","embeddable":true,"href":"https:\/\/murter-online.com\/de\/wp-json\/wp\/v2\/product_cat?post=52500"},{"taxonomy":"product_tag","embeddable":true,"href":"https:\/\/murter-online.com\/de\/wp-json\/wp\/v2\/product_tag?post=52500"}],"curies":[{"name":"wp","href":"https:\/\/api.w.org\/{rel}","templated":true}]}}