{"id":52516,"date":"2025-01-06T15:13:08","date_gmt":"2025-01-06T15:13:08","guid":{"rendered":"https:\/\/murter.riot.hr\/?post_type=product&#038;p=52516"},"modified":"2025-04-05T06:34:59","modified_gmt":"2025-04-05T05:34:59","slug":"ferienwohnung-slanica-sandy-paradise-a31-id-173","status":"publish","type":"product","link":"https:\/\/murter-online.com\/de\/produkt\/ferienwohnung-slanica-sandy-paradise-a31-id-173\/","title":{"rendered":"Ferienwohnung privat Murter strand Slanica A3+1 ID 173"},"content":{"rendered":"","protected":false},"excerpt":{"rendered":"<p>Die Wohnung hat eine Fl\u00e4che von 38 m2. Es ist ein Apartment mit einem Schlafzimmer, das Platz f\u00fcr 4 Personen bietet. Das Schlafzimmer hat drei Hauptbetten. Die Wohnung hat ein Wohnzimmer, es gibt ein Schlafsofa, das zum Schlafen genutzt werden kann. Die Wohnung verf\u00fcgt \u00fcber einen Balkon mit Meer- und Gartenblick. Die G\u00e4ste der Apartments verf\u00fcgen \u00fcber kostenfreies WLAN und kostenfreie Parkpl\u00e4tze vor der Unterkunft. Die Wohnung verf\u00fcgt \u00fcber ein Badezimmer mit Dusche, WC, Haartrockner. Die K\u00fcche ist komplett ausgestattet. Es gibt einen Au\u00dfengrill, der benutzt werden kann.<\/p>\n","protected":false},"featured_media":32486,"template":"","meta":{"_acf_changed":false},"product_brand":[],"product_cat":[144,130],"product_tag":[],"class_list":{"0":"post-52516","1":"product","2":"type-product","3":"status-publish","4":"has-post-thumbnail","6":"product_cat-familien-ferienwohnung","7":"product_cat-ferienwohnungen","9":"first","10":"instock","11":"sold-individually","12":"shipping-taxable","13":"purchasable","14":"product-type-phive_booking"},"acf":[],"_links":{"self":[{"href":"https:\/\/murter-online.com\/de\/wp-json\/wp\/v2\/product\/52516","targetHints":{"allow":["GET"]}}],"collection":[{"href":"https:\/\/murter-online.com\/de\/wp-json\/wp\/v2\/product"}],"about":[{"href":"https:\/\/murter-online.com\/de\/wp-json\/wp\/v2\/types\/product"}],"wp:featuredmedia":[{"embeddable":true,"href":"https:\/\/murter-online.com\/de\/wp-json\/wp\/v2\/media\/32486"}],"wp:attachment":[{"href":"https:\/\/murter-online.com\/de\/wp-json\/wp\/v2\/media?parent=52516"}],"wp:term":[{"taxonomy":"product_brand","embeddable":true,"href":"https:\/\/murter-online.com\/de\/wp-json\/wp\/v2\/product_brand?post=52516"},{"taxonomy":"product_cat","embeddable":true,"href":"https:\/\/murter-online.com\/de\/wp-json\/wp\/v2\/product_cat?post=52516"},{"taxonomy":"product_tag","embeddable":true,"href":"https:\/\/murter-online.com\/de\/wp-json\/wp\/v2\/product_tag?post=52516"}],"curies":[{"name":"wp","href":"https:\/\/api.w.org\/{rel}","templated":true}]}}