{"id":52525,"date":"2025-01-06T15:24:32","date_gmt":"2025-01-06T15:24:32","guid":{"rendered":"https:\/\/murter.riot.hr\/?post_type=product&#038;p=52525"},"modified":"2025-04-05T06:03:31","modified_gmt":"2025-04-05T05:03:31","slug":"ferienwohnung-slanica-sea-view-point-a22-id-128","status":"publish","type":"product","link":"https:\/\/murter-online.com\/de\/produkt\/ferienwohnung-slanica-sea-view-point-a22-id-128\/","title":{"rendered":"Ferienwohnung Murter meerblick  strand Slanica A2+2 ID 128"},"content":{"rendered":"","protected":false},"excerpt":{"rendered":"<p>Ferienwohnung Put Slanice 2+2 mit ein sch\u00f6nen Meerblick befindet sich in ausgezeichnete Lage, nur 250m. vom Meer entfernt. Die Ferienwohnung hat eine Fl\u00e4che von 45 m2. Diese Ferienwohnung verf\u00fcgt \u00fcber ein Schlafzimmer wo 2 Erwachsene schlafen k\u00f6nnen. Es gibt ein Zustellbett f\u00fcr zwei Personen. Es gibt einen kostenlosen Parkplatz. Es gibt eine Badezimmer mit Dusche . Die Ferienwohnung ist ausgestattet mit Fernseher, Klimaanlage, Backofen, kostenlosen WiFi Internetanschluss. Balkon\/Terrasse ist 12 m2 gro\u00df. , hat ein Wohnzimmer, die zum Schlafen genutzt werden kann. Liegt im zweiten Stock. Haustiere &#8211; nicht gestattet. Die FeWo ist 750m. weit vom Zentrum und ca. 250m. weit vom Meer oder dem ersten Strand in Murter.<\/p>\n","protected":false},"featured_media":32906,"template":"","meta":{"_acf_changed":false},"product_brand":[],"product_cat":[130,142],"product_tag":[],"class_list":{"0":"post-52525","1":"product","2":"type-product","3":"status-publish","4":"has-post-thumbnail","6":"product_cat-ferienwohnungen","7":"product_cat-ferienwohnungen-mit-meerblick","9":"first","10":"instock","11":"sold-individually","12":"shipping-taxable","13":"purchasable","14":"product-type-phive_booking"},"acf":[],"_links":{"self":[{"href":"https:\/\/murter-online.com\/de\/wp-json\/wp\/v2\/product\/52525","targetHints":{"allow":["GET"]}}],"collection":[{"href":"https:\/\/murter-online.com\/de\/wp-json\/wp\/v2\/product"}],"about":[{"href":"https:\/\/murter-online.com\/de\/wp-json\/wp\/v2\/types\/product"}],"wp:featuredmedia":[{"embeddable":true,"href":"https:\/\/murter-online.com\/de\/wp-json\/wp\/v2\/media\/32906"}],"wp:attachment":[{"href":"https:\/\/murter-online.com\/de\/wp-json\/wp\/v2\/media?parent=52525"}],"wp:term":[{"taxonomy":"product_brand","embeddable":true,"href":"https:\/\/murter-online.com\/de\/wp-json\/wp\/v2\/product_brand?post=52525"},{"taxonomy":"product_cat","embeddable":true,"href":"https:\/\/murter-online.com\/de\/wp-json\/wp\/v2\/product_cat?post=52525"},{"taxonomy":"product_tag","embeddable":true,"href":"https:\/\/murter-online.com\/de\/wp-json\/wp\/v2\/product_tag?post=52525"}],"curies":[{"name":"wp","href":"https:\/\/api.w.org\/{rel}","templated":true}]}}