{"id":52533,"date":"2025-01-06T16:32:49","date_gmt":"2025-01-06T16:32:49","guid":{"rendered":"https:\/\/murter.riot.hr\/?post_type=product&#038;p=52533"},"modified":"2025-04-05T05:45:45","modified_gmt":"2025-04-05T04:45:45","slug":"haus-slavica-ferienwohnung-jersane-murter-a2-id-36","status":"publish","type":"product","link":"https:\/\/murter-online.com\/de\/produkt\/haus-slavica-ferienwohnung-jersane-murter-a2-id-36\/","title":{"rendered":"Ferienwohnung mit bootsliegeplatz Murter A2 ID 36"},"content":{"rendered":"","protected":false},"excerpt":{"rendered":"<p>Die Wohnung mit wundersch\u00f6nem Meerblick befindet sich in ausgezeichneter Lage, nur 30m. weit vom Meer entfernt. Die Wohnung ist mit Fernseher und Klimaanlage ausgestattet. Die Wohnung verf\u00fcgt \u00fcber ein Badezimmer mit Dusche. Es gibt ein Wohnzimmer, in dem man schlafen kann. Die Wohnfl\u00e4che betr\u00e4gt 30 m2. und der Balkon \/ die Terrasse ist 5 m2 gro\u00df. Die Wohnung befindet sich im zweiten Stock. Haustiere &#8211; nicht erlaubt. Die Wohnung verf\u00fcgt \u00fcber einen eigenen kostenlosen Parkplatz. Die Wohnung hat einen eigenen Steg f\u00fcr das Boot &#8211; der m\u00f6glicherweise extra berechnet wird.<\/p>\n","protected":false},"featured_media":33046,"template":"","meta":{"_acf_changed":false},"product_brand":[],"product_cat":[130,145],"product_tag":[],"class_list":{"0":"post-52533","1":"product","2":"type-product","3":"status-publish","4":"has-post-thumbnail","6":"product_cat-ferienwohnungen","7":"product_cat-ferienwohnungen-mit-bootsliegeplatz","9":"first","10":"instock","11":"sold-individually","12":"shipping-taxable","13":"purchasable","14":"product-type-phive_booking"},"acf":[],"_links":{"self":[{"href":"https:\/\/murter-online.com\/de\/wp-json\/wp\/v2\/product\/52533","targetHints":{"allow":["GET"]}}],"collection":[{"href":"https:\/\/murter-online.com\/de\/wp-json\/wp\/v2\/product"}],"about":[{"href":"https:\/\/murter-online.com\/de\/wp-json\/wp\/v2\/types\/product"}],"wp:featuredmedia":[{"embeddable":true,"href":"https:\/\/murter-online.com\/de\/wp-json\/wp\/v2\/media\/33046"}],"wp:attachment":[{"href":"https:\/\/murter-online.com\/de\/wp-json\/wp\/v2\/media?parent=52533"}],"wp:term":[{"taxonomy":"product_brand","embeddable":true,"href":"https:\/\/murter-online.com\/de\/wp-json\/wp\/v2\/product_brand?post=52533"},{"taxonomy":"product_cat","embeddable":true,"href":"https:\/\/murter-online.com\/de\/wp-json\/wp\/v2\/product_cat?post=52533"},{"taxonomy":"product_tag","embeddable":true,"href":"https:\/\/murter-online.com\/de\/wp-json\/wp\/v2\/product_tag?post=52533"}],"curies":[{"name":"wp","href":"https:\/\/api.w.org\/{rel}","templated":true}]}}