{"id":52537,"date":"2025-01-06T16:41:00","date_gmt":"2025-01-06T16:41:00","guid":{"rendered":"https:\/\/murter.riot.hr\/?post_type=product&#038;p=52537"},"modified":"2025-04-04T11:26:50","modified_gmt":"2025-04-04T10:26:50","slug":"haus-slavica-ferienwohnung-slavica-jersane-seafront-a2-id-35","status":"publish","type":"product","link":"https:\/\/murter-online.com\/de\/produkt\/haus-slavica-ferienwohnung-slavica-jersane-seafront-a2-id-35\/","title":{"rendered":"Ferienwohnung mit bootsliegeplatz Murter A2 ID 35"},"content":{"rendered":"","protected":false},"excerpt":{"rendered":"<p>Ferienwohnung mit ein sch\u00f6nen Meerblick befindet sich in ausgezeichnete Lage, nur 30m. vom Meer entfernt. Die Ferienwohnung hat eine Fl\u00e4che von 30 m2. Diese Ferienwohnung verf\u00fcgt \u00fcber ein Schlafzimmer wo 2 Erwachsene schlafen k\u00f6nnen. Es gibt ein Zustellbett f\u00fcr eine Person. Es gibt einen kostenlosen Parkplatz. Es gibt eine Badezimmer mit Dusche . Die Ferienwohnung hat einen Bootsliegeplatz &#8211; denen kann ein Aufpreis berechnet werden. ist ausgestattet mit Fernseher, Klimaanlage. Balkon\/Terrasse ist 5 m2 gro\u00df. , hat ein Wohnzimmer, die zum Schlafen genutzt werden kann. Liegt im zweiten Stock. Haustiere &#8211; nicht gestattet.<\/p>\n","protected":false},"featured_media":33094,"template":"","meta":{"_acf_changed":false},"product_brand":[],"product_cat":[130,145,142],"product_tag":[],"class_list":{"0":"post-52537","1":"product","2":"type-product","3":"status-publish","4":"has-post-thumbnail","6":"product_cat-ferienwohnungen","7":"product_cat-ferienwohnungen-mit-bootsliegeplatz","8":"product_cat-ferienwohnungen-mit-meerblick","10":"first","11":"instock","12":"sold-individually","13":"shipping-taxable","14":"purchasable","15":"product-type-phive_booking"},"acf":[],"_links":{"self":[{"href":"https:\/\/murter-online.com\/de\/wp-json\/wp\/v2\/product\/52537","targetHints":{"allow":["GET"]}}],"collection":[{"href":"https:\/\/murter-online.com\/de\/wp-json\/wp\/v2\/product"}],"about":[{"href":"https:\/\/murter-online.com\/de\/wp-json\/wp\/v2\/types\/product"}],"wp:featuredmedia":[{"embeddable":true,"href":"https:\/\/murter-online.com\/de\/wp-json\/wp\/v2\/media\/33094"}],"wp:attachment":[{"href":"https:\/\/murter-online.com\/de\/wp-json\/wp\/v2\/media?parent=52537"}],"wp:term":[{"taxonomy":"product_brand","embeddable":true,"href":"https:\/\/murter-online.com\/de\/wp-json\/wp\/v2\/product_brand?post=52537"},{"taxonomy":"product_cat","embeddable":true,"href":"https:\/\/murter-online.com\/de\/wp-json\/wp\/v2\/product_cat?post=52537"},{"taxonomy":"product_tag","embeddable":true,"href":"https:\/\/murter-online.com\/de\/wp-json\/wp\/v2\/product_tag?post=52537"}],"curies":[{"name":"wp","href":"https:\/\/api.w.org\/{rel}","templated":true}]}}