{"id":52541,"date":"2025-01-06T17:06:15","date_gmt":"2025-01-06T17:06:15","guid":{"rendered":"https:\/\/murter.riot.hr\/?post_type=product&#038;p=52541"},"modified":"2025-04-19T07:33:35","modified_gmt":"2025-04-19T06:33:35","slug":"haus-slavica-ferienwohnung-jersane-seashell-a2-id-60","status":"publish","type":"product","link":"https:\/\/murter-online.com\/de\/produkt\/haus-slavica-ferienwohnung-jersane-seashell-a2-id-60\/","title":{"rendered":"Ferienwohnung mit bootsliegeplatz Murter Slavica A2 ID 60"},"content":{"rendered":"","protected":false},"excerpt":{"rendered":"<p>Das Apartment Slavica Jersane Seashell A2 ID 60 liegt nur wenige Meter vom Stadtstrand Luka entfernt. Es liegt in einer ruhigen und friedlichen Gegend. Die Wohnung verf\u00fcgt \u00fcber einen ger\u00e4umigen Balkon, von dem aus Sie den Blick auf das Meer, die Boote und die umliegenden Inseln genie\u00dfen k\u00f6nnen. Die Wohnung ist mit Klimaanlage, Sat-TV und kostenfreiem WLAN ausgestattet Bettw\u00e4sche, Handt\u00fccher und Endreinigung sind im Preis inbegriffen.<\/p>\n","protected":false},"featured_media":33166,"template":"","meta":{"_acf_changed":false},"product_brand":[],"product_cat":[130,145,142],"product_tag":[],"class_list":{"0":"post-52541","1":"product","2":"type-product","3":"status-publish","4":"has-post-thumbnail","6":"product_cat-ferienwohnungen","7":"product_cat-ferienwohnungen-mit-bootsliegeplatz","8":"product_cat-ferienwohnungen-mit-meerblick","10":"first","11":"instock","12":"sold-individually","13":"shipping-taxable","14":"purchasable","15":"product-type-phive_booking"},"acf":[],"_links":{"self":[{"href":"https:\/\/murter-online.com\/de\/wp-json\/wp\/v2\/product\/52541","targetHints":{"allow":["GET"]}}],"collection":[{"href":"https:\/\/murter-online.com\/de\/wp-json\/wp\/v2\/product"}],"about":[{"href":"https:\/\/murter-online.com\/de\/wp-json\/wp\/v2\/types\/product"}],"wp:featuredmedia":[{"embeddable":true,"href":"https:\/\/murter-online.com\/de\/wp-json\/wp\/v2\/media\/33166"}],"wp:attachment":[{"href":"https:\/\/murter-online.com\/de\/wp-json\/wp\/v2\/media?parent=52541"}],"wp:term":[{"taxonomy":"product_brand","embeddable":true,"href":"https:\/\/murter-online.com\/de\/wp-json\/wp\/v2\/product_brand?post=52541"},{"taxonomy":"product_cat","embeddable":true,"href":"https:\/\/murter-online.com\/de\/wp-json\/wp\/v2\/product_cat?post=52541"},{"taxonomy":"product_tag","embeddable":true,"href":"https:\/\/murter-online.com\/de\/wp-json\/wp\/v2\/product_tag?post=52541"}],"curies":[{"name":"wp","href":"https:\/\/api.w.org\/{rel}","templated":true}]}}