{"id":52555,"date":"2025-01-06T17:42:30","date_gmt":"2025-01-06T17:42:30","guid":{"rendered":"https:\/\/murter.riot.hr\/?post_type=product&#038;p=52555"},"modified":"2025-04-04T09:10:40","modified_gmt":"2025-04-04T08:10:40","slug":"wohnung-sommer-in-murter-a2-2-id-97","status":"publish","type":"product","link":"https:\/\/murter-online.com\/de\/produkt\/wohnung-sommer-in-murter-a2-2-id-97\/","title":{"rendered":"Murter ferienwohnung &#8211; ein zimmer apartment  A2 + 2 ID 97"},"content":{"rendered":"","protected":false},"excerpt":{"rendered":"<p>Wohnung Summer Joy A2 + 2 ID 97 befindet sich in einer ausgezeichneten Lage -Es befindet sich in der N\u00e4he des Sandstrandes Slanica &#8211; Die Wohnung besteht aus einem Schlafzimmer mit einem Doppelbett und einem Schlafsofa f\u00fcr 1 oder 2 Personen. &#8211; Die Wohnung verf\u00fcgt \u00fcber einen Garten und einen Au\u00dfengrill, den Sie nutzen k\u00f6nnen &#8211; Es ist 15 Minuten zu Fu\u00df vom Zentrum entfernt.<\/p>\n","protected":false},"featured_media":60511,"template":"","meta":{"_acf_changed":false},"product_brand":[],"product_cat":[144,130],"product_tag":[],"class_list":{"0":"post-52555","1":"product","2":"type-product","3":"status-publish","4":"has-post-thumbnail","6":"product_cat-familien-ferienwohnung","7":"product_cat-ferienwohnungen","9":"first","10":"instock","11":"sold-individually","12":"shipping-taxable","13":"purchasable","14":"product-type-phive_booking"},"acf":[],"_links":{"self":[{"href":"https:\/\/murter-online.com\/de\/wp-json\/wp\/v2\/product\/52555","targetHints":{"allow":["GET"]}}],"collection":[{"href":"https:\/\/murter-online.com\/de\/wp-json\/wp\/v2\/product"}],"about":[{"href":"https:\/\/murter-online.com\/de\/wp-json\/wp\/v2\/types\/product"}],"wp:featuredmedia":[{"embeddable":true,"href":"https:\/\/murter-online.com\/de\/wp-json\/wp\/v2\/media\/60511"}],"wp:attachment":[{"href":"https:\/\/murter-online.com\/de\/wp-json\/wp\/v2\/media?parent=52555"}],"wp:term":[{"taxonomy":"product_brand","embeddable":true,"href":"https:\/\/murter-online.com\/de\/wp-json\/wp\/v2\/product_brand?post=52555"},{"taxonomy":"product_cat","embeddable":true,"href":"https:\/\/murter-online.com\/de\/wp-json\/wp\/v2\/product_cat?post=52555"},{"taxonomy":"product_tag","embeddable":true,"href":"https:\/\/murter-online.com\/de\/wp-json\/wp\/v2\/product_tag?post=52555"}],"curies":[{"name":"wp","href":"https:\/\/api.w.org\/{rel}","templated":true}]}}