{"id":52560,"date":"2025-01-06T17:49:09","date_gmt":"2025-01-06T17:49:09","guid":{"rendered":"https:\/\/murter.riot.hr\/?post_type=product&#038;p=52560"},"modified":"2025-04-04T08:39:58","modified_gmt":"2025-04-04T07:39:58","slug":"wohnung-sommer-in-murter-a2-2-id-98","status":"publish","type":"product","link":"https:\/\/murter-online.com\/de\/produkt\/wohnung-sommer-in-murter-a2-2-id-98\/","title":{"rendered":"Murter ferienwohnung ein zimmer apartment strand Slanica A2 + 2 ID 98"},"content":{"rendered":"","protected":false},"excerpt":{"rendered":"<p>Das Apartment Red Joy A2 + 2 ID 98 befindet sich in ausgezeichneter Lage -Es befindet sich in der N\u00e4he des Sandstrandes von Slanica &#8211; Die Wohnung besteht aus einem Schlafzimmer mit einem Doppelbett und einem Sofa f\u00fcr 1 oder 2 Personen. &#8211; Die Wohnung verf\u00fcgt \u00fcber eine Terase und einen Au\u00dfengrill, den Sie nutzen k\u00f6nnen &#8211; Es ist ca. 15 Minuten zu Fu\u00df vom Zentrum entfernt.<\/p>\n","protected":false},"featured_media":60586,"template":"","meta":{"_acf_changed":false},"product_brand":[],"product_cat":[144],"product_tag":[],"class_list":{"0":"post-52560","1":"product","2":"type-product","3":"status-publish","4":"has-post-thumbnail","6":"product_cat-familien-ferienwohnung","8":"first","9":"instock","10":"sold-individually","11":"shipping-taxable","12":"purchasable","13":"product-type-phive_booking"},"acf":[],"_links":{"self":[{"href":"https:\/\/murter-online.com\/de\/wp-json\/wp\/v2\/product\/52560","targetHints":{"allow":["GET"]}}],"collection":[{"href":"https:\/\/murter-online.com\/de\/wp-json\/wp\/v2\/product"}],"about":[{"href":"https:\/\/murter-online.com\/de\/wp-json\/wp\/v2\/types\/product"}],"wp:featuredmedia":[{"embeddable":true,"href":"https:\/\/murter-online.com\/de\/wp-json\/wp\/v2\/media\/60586"}],"wp:attachment":[{"href":"https:\/\/murter-online.com\/de\/wp-json\/wp\/v2\/media?parent=52560"}],"wp:term":[{"taxonomy":"product_brand","embeddable":true,"href":"https:\/\/murter-online.com\/de\/wp-json\/wp\/v2\/product_brand?post=52560"},{"taxonomy":"product_cat","embeddable":true,"href":"https:\/\/murter-online.com\/de\/wp-json\/wp\/v2\/product_cat?post=52560"},{"taxonomy":"product_tag","embeddable":true,"href":"https:\/\/murter-online.com\/de\/wp-json\/wp\/v2\/product_tag?post=52560"}],"curies":[{"name":"wp","href":"https:\/\/api.w.org\/{rel}","templated":true}]}}