{"id":52564,"date":"2025-01-06T18:56:58","date_gmt":"2025-01-06T18:56:58","guid":{"rendered":"https:\/\/murter.riot.hr\/?post_type=product&#038;p=52564"},"modified":"2025-04-03T19:27:37","modified_gmt":"2025-04-03T18:27:37","slug":"haus-petra-marine-view-ferienwohnung-verde-a21-id-88","status":"publish","type":"product","link":"https:\/\/murter-online.com\/de\/produkt\/haus-petra-marine-view-ferienwohnung-verde-a21-id-88\/","title":{"rendered":"Ferienwohnung Murter Meerblick Colentum Strand Murter A2+1 ID 88"},"content":{"rendered":"","protected":false},"excerpt":{"rendered":"<p>Die Wohnung befindet sich in der N\u00e4he des Yachthafens Murter &#8211; Hramine. In der N\u00e4he der Wohnung befindet sich das Zentrum von Murter, das nur wenige Gehminuten entfernt ist. Der erste Strand ist nur 180m entfernt (Stadtstrand). In der N\u00e4he der Wohnung gibt es eine Tankstelle, einen Supermarkt, Restaurants und Caf\u00e9s. Die Wohnung verf\u00fcgt \u00fcber einen Balkon und Meerblick. Die Wohnung ist mit Klimaanlage, WLAN und Sat-TV ausgestattet. Bettw\u00e4sche, Handt\u00fccher und Endreinigung sind im Preis inbegriffen.<\/p>\n","protected":false},"featured_media":34442,"template":"","meta":{"_acf_changed":false},"product_brand":[],"product_cat":[144,130,142],"product_tag":[],"class_list":{"0":"post-52564","1":"product","2":"type-product","3":"status-publish","4":"has-post-thumbnail","6":"product_cat-familien-ferienwohnung","7":"product_cat-ferienwohnungen","8":"product_cat-ferienwohnungen-mit-meerblick","10":"first","11":"instock","12":"sold-individually","13":"shipping-taxable","14":"purchasable","15":"product-type-phive_booking"},"acf":[],"_links":{"self":[{"href":"https:\/\/murter-online.com\/de\/wp-json\/wp\/v2\/product\/52564","targetHints":{"allow":["GET"]}}],"collection":[{"href":"https:\/\/murter-online.com\/de\/wp-json\/wp\/v2\/product"}],"about":[{"href":"https:\/\/murter-online.com\/de\/wp-json\/wp\/v2\/types\/product"}],"wp:featuredmedia":[{"embeddable":true,"href":"https:\/\/murter-online.com\/de\/wp-json\/wp\/v2\/media\/34442"}],"wp:attachment":[{"href":"https:\/\/murter-online.com\/de\/wp-json\/wp\/v2\/media?parent=52564"}],"wp:term":[{"taxonomy":"product_brand","embeddable":true,"href":"https:\/\/murter-online.com\/de\/wp-json\/wp\/v2\/product_brand?post=52564"},{"taxonomy":"product_cat","embeddable":true,"href":"https:\/\/murter-online.com\/de\/wp-json\/wp\/v2\/product_cat?post=52564"},{"taxonomy":"product_tag","embeddable":true,"href":"https:\/\/murter-online.com\/de\/wp-json\/wp\/v2\/product_tag?post=52564"}],"curies":[{"name":"wp","href":"https:\/\/api.w.org\/{rel}","templated":true}]}}