{"id":52576,"date":"2025-01-06T19:56:28","date_gmt":"2025-01-06T19:56:28","guid":{"rendered":"https:\/\/murter.riot.hr\/?post_type=product&#038;p=52576"},"modified":"2025-01-26T16:26:34","modified_gmt":"2025-01-26T16:26:34","slug":"wohnung-mit-bootsanlegeplatz-murter-kornati-a21-id-259","status":"publish","type":"product","link":"https:\/\/murter-online.com\/de\/produkt\/wohnung-mit-bootsanlegeplatz-murter-kornati-a21-id-259\/","title":{"rendered":"Wohnung mit Bootsanlegeplatz Murter Kornati A2+1 id 259"},"content":{"rendered":"","protected":false},"excerpt":{"rendered":"<p>Wohnung f\u00fcr max. 3 Personen befindet sich im zweiten Stock des Hauses. Die Wohnung hat Meerblick. Die Wohnung verf\u00fcgt \u00fcber ein Schlafzimmer, in dem 2 Erwachsene schlafen k\u00f6nnen. Im Wohnzimmer befindet sich ein Zustellbett (Couch), das zum Schlafen genutzt werden kann. Die Wohnung ist mit Geschirrsp\u00fcler, Waschmaschine, Klimaanlage und WLAN ausgestattet. Es gibt kostenlose Parkpl\u00e4tze f\u00fcr ein Auto im Innenhof der Wohnung. Es gibt einen Au\u00dfengrill, der kostenlos genutzt werden kann.<\/p>\n","protected":false},"featured_media":34646,"template":"","meta":{"_acf_changed":false},"product_brand":[],"product_cat":[142],"product_tag":[],"class_list":{"0":"post-52576","1":"product","2":"type-product","3":"status-publish","4":"has-post-thumbnail","6":"product_cat-ferienwohnungen-mit-meerblick","8":"first","9":"instock","10":"sold-individually","11":"shipping-taxable","12":"purchasable","13":"product-type-phive_booking"},"acf":[],"_links":{"self":[{"href":"https:\/\/murter-online.com\/de\/wp-json\/wp\/v2\/product\/52576","targetHints":{"allow":["GET"]}}],"collection":[{"href":"https:\/\/murter-online.com\/de\/wp-json\/wp\/v2\/product"}],"about":[{"href":"https:\/\/murter-online.com\/de\/wp-json\/wp\/v2\/types\/product"}],"wp:featuredmedia":[{"embeddable":true,"href":"https:\/\/murter-online.com\/de\/wp-json\/wp\/v2\/media\/34646"}],"wp:attachment":[{"href":"https:\/\/murter-online.com\/de\/wp-json\/wp\/v2\/media?parent=52576"}],"wp:term":[{"taxonomy":"product_brand","embeddable":true,"href":"https:\/\/murter-online.com\/de\/wp-json\/wp\/v2\/product_brand?post=52576"},{"taxonomy":"product_cat","embeddable":true,"href":"https:\/\/murter-online.com\/de\/wp-json\/wp\/v2\/product_cat?post=52576"},{"taxonomy":"product_tag","embeddable":true,"href":"https:\/\/murter-online.com\/de\/wp-json\/wp\/v2\/product_tag?post=52576"}],"curies":[{"name":"wp","href":"https:\/\/api.w.org\/{rel}","templated":true}]}}