{"id":52589,"date":"2025-01-06T20:38:44","date_gmt":"2025-01-06T20:38:44","guid":{"rendered":"https:\/\/murter.riot.hr\/?post_type=product&#038;p=52589"},"modified":"2025-04-03T17:35:53","modified_gmt":"2025-04-03T16:35:53","slug":"ferienwohnung-zdrace-strand-betina-meerblick-a2-2-id-106","status":"publish","type":"product","link":"https:\/\/murter-online.com\/de\/produkt\/ferienwohnung-zdrace-strand-betina-meerblick-a2-2-id-106\/","title":{"rendered":"Ferienwohnung mit meerblick Zdra\u010de Strand Betina &#8211; Murter A2 + 2 ID 106"},"content":{"rendered":"","protected":false},"excerpt":{"rendered":"<p>Die Wohnung befindet sich 70 Meter vom \u00f6rtlichen Strand Zdra\u010de in Betina entfernt. Die Wohnung hat Meerblick. Die Wohnung bietet Platz f\u00fcr 3 Erwachsene oder zwei Erwachsene und zwei Kinder. Die Wohnung eignet sich f\u00fcr einen Familienurlaub.<\/p>\n","protected":false},"featured_media":34956,"template":"","meta":{"_acf_changed":false},"product_brand":[],"product_cat":[142],"product_tag":[],"class_list":{"0":"post-52589","1":"product","2":"type-product","3":"status-publish","4":"has-post-thumbnail","6":"product_cat-ferienwohnungen-mit-meerblick","8":"first","9":"instock","10":"sold-individually","11":"shipping-taxable","12":"purchasable","13":"product-type-phive_booking"},"acf":[],"_links":{"self":[{"href":"https:\/\/murter-online.com\/de\/wp-json\/wp\/v2\/product\/52589","targetHints":{"allow":["GET"]}}],"collection":[{"href":"https:\/\/murter-online.com\/de\/wp-json\/wp\/v2\/product"}],"about":[{"href":"https:\/\/murter-online.com\/de\/wp-json\/wp\/v2\/types\/product"}],"wp:featuredmedia":[{"embeddable":true,"href":"https:\/\/murter-online.com\/de\/wp-json\/wp\/v2\/media\/34956"}],"wp:attachment":[{"href":"https:\/\/murter-online.com\/de\/wp-json\/wp\/v2\/media?parent=52589"}],"wp:term":[{"taxonomy":"product_brand","embeddable":true,"href":"https:\/\/murter-online.com\/de\/wp-json\/wp\/v2\/product_brand?post=52589"},{"taxonomy":"product_cat","embeddable":true,"href":"https:\/\/murter-online.com\/de\/wp-json\/wp\/v2\/product_cat?post=52589"},{"taxonomy":"product_tag","embeddable":true,"href":"https:\/\/murter-online.com\/de\/wp-json\/wp\/v2\/product_tag?post=52589"}],"curies":[{"name":"wp","href":"https:\/\/api.w.org\/{rel}","templated":true}]}}