{"id":52593,"date":"2025-01-06T20:53:01","date_gmt":"2025-01-06T20:53:01","guid":{"rendered":"https:\/\/murter.riot.hr\/?post_type=product&#038;p=52593"},"modified":"2025-03-29T19:27:22","modified_gmt":"2025-03-29T18:27:22","slug":"haus-am-meer-murter-podraduc-a22-id-323","status":"publish","type":"product","link":"https:\/\/murter-online.com\/de\/produkt\/haus-am-meer-murter-podraduc-a22-id-323\/","title":{"rendered":"Ferienh\u00e4user am Meer Murter Podradu\u010d A2+2 ID 323"},"content":{"rendered":"","protected":false},"excerpt":{"rendered":"<p>Das Ferienhaus am Meer wird als eigenst\u00e4ndiges Objekt vermietet. Das Haus liegt im attraktiven Teil der Insel an einem ruhigen und ruhigen Ort. Die vordere Terrasse des Hauses bietet einen wundersch\u00f6nen Meerblick auf die Kornaten. Das Haus ist komplett ausgestattet. Im Erdgeschoss gibt es ein Schlafzimmer mit einem Doppelbett, eine Toilette mit Bad und ein Wohnzimmer mit einem Schlafsofa, das als Zustellbett f\u00fcr 2 Personen genutzt werden kann. Auf der Galerie des Hauses befindet sich eine K\u00fcche. Es gibt einen K\u00fchlschrank, einen Backofen, eine Kaffeemaschine und einen Wasserkocher sowie alles, was Sie sonst noch f\u00fcr die Zubereitung und den Verzehr von Speisen und Getr\u00e4nken ben\u00f6tigen. Das Haus verf\u00fcgt \u00fcber eine Klimaanlage und kostenfreies WLAN. F\u00fcr Hausg\u00e4ste steht vor dem Haus ein kostenfreier Parkplatz zur Verf\u00fcgung. Es gibt einen Grill, der kostenlos genutzt werden kann. Tags\u00fcber, wenn die vordere Terrasse in der Sonne liegt, k\u00f6nnen Sie die hintere Terrasse im nat\u00fcrlichen Schatten zum Aufenthalt im Freien nutzen. Morgens und am fr\u00fchen Abend k\u00f6nnen Sie Ihre Zeit auf der vorderen Terrasse verbringen. Das Haus verf\u00fcgt \u00fcber einen gro\u00dfen eingez\u00e4unten Au\u00dfenbereich und ist daher auch f\u00fcr kleinere Familien mit Kindern geeignet.<\/p>\n","protected":false},"featured_media":35057,"template":"","meta":{"_acf_changed":false},"product_brand":[],"product_cat":[148,142],"product_tag":[],"class_list":{"0":"post-52593","1":"product","2":"type-product","3":"status-publish","4":"has-post-thumbnail","6":"product_cat-ferienhaus-villa","7":"product_cat-ferienwohnungen-mit-meerblick","9":"first","10":"instock","11":"sold-individually","12":"shipping-taxable","13":"purchasable","14":"product-type-phive_booking"},"acf":[],"_links":{"self":[{"href":"https:\/\/murter-online.com\/de\/wp-json\/wp\/v2\/product\/52593","targetHints":{"allow":["GET"]}}],"collection":[{"href":"https:\/\/murter-online.com\/de\/wp-json\/wp\/v2\/product"}],"about":[{"href":"https:\/\/murter-online.com\/de\/wp-json\/wp\/v2\/types\/product"}],"wp:featuredmedia":[{"embeddable":true,"href":"https:\/\/murter-online.com\/de\/wp-json\/wp\/v2\/media\/35057"}],"wp:attachment":[{"href":"https:\/\/murter-online.com\/de\/wp-json\/wp\/v2\/media?parent=52593"}],"wp:term":[{"taxonomy":"product_brand","embeddable":true,"href":"https:\/\/murter-online.com\/de\/wp-json\/wp\/v2\/product_brand?post=52593"},{"taxonomy":"product_cat","embeddable":true,"href":"https:\/\/murter-online.com\/de\/wp-json\/wp\/v2\/product_cat?post=52593"},{"taxonomy":"product_tag","embeddable":true,"href":"https:\/\/murter-online.com\/de\/wp-json\/wp\/v2\/product_tag?post=52593"}],"curies":[{"name":"wp","href":"https:\/\/api.w.org\/{rel}","templated":true}]}}