{"id":52597,"date":"2025-01-07T06:59:48","date_gmt":"2025-01-07T05:59:48","guid":{"rendered":"https:\/\/murter.riot.hr\/?post_type=product&#038;p=52597"},"modified":"2026-01-30T08:57:20","modified_gmt":"2026-01-30T07:57:20","slug":"mobilheim-murter-slanica-a2-2-id-245","status":"publish","type":"product","link":"https:\/\/murter-online.com\/de\/produkt\/mobilheim-murter-slanica-a2-2-id-245\/","title":{"rendered":"Mobilheime am strand Murter strand Slanica A2 + 1 ID 245"},"content":{"rendered":"","protected":false},"excerpt":{"rendered":"<p>Mobilheim in der N\u00e4he des Sandstrandes Slanica mit Meerblick! Das Haus hat ein Schlafzimmer, wo zwei Erwachsene schlafen k\u00f6nnen. Das Haus verf\u00fcgt \u00fcber ein Wohnzimmer mit einem Sofa (Zustellbett), das zum Schlafen genutzt werden kann. Die K\u00fcche ist komplett ausgestattet. Das Cottage verf\u00fcgt \u00fcber einen ausgestatteten Au\u00dfenbereich f\u00fcr das Leben im Freien. Das Haus verf\u00fcgt \u00fcber Klimaanlage, WiFi-Internet. Parkpl\u00e4tze befinden sich direkt vor dem Haus und sind im Preis inbegriffen.<\/p>\n","protected":false},"featured_media":35197,"template":"","meta":{"_acf_changed":false},"product_brand":[],"product_cat":[142,150],"product_tag":[],"class_list":{"0":"post-52597","1":"product","2":"type-product","3":"status-publish","4":"has-post-thumbnail","6":"product_cat-ferienwohnungen-mit-meerblick","7":"product_cat-mobilheim","9":"first","10":"instock","11":"sold-individually","12":"shipping-taxable","13":"purchasable","14":"product-type-phive_booking"},"acf":[],"_links":{"self":[{"href":"https:\/\/murter-online.com\/de\/wp-json\/wp\/v2\/product\/52597","targetHints":{"allow":["GET"]}}],"collection":[{"href":"https:\/\/murter-online.com\/de\/wp-json\/wp\/v2\/product"}],"about":[{"href":"https:\/\/murter-online.com\/de\/wp-json\/wp\/v2\/types\/product"}],"wp:featuredmedia":[{"embeddable":true,"href":"https:\/\/murter-online.com\/de\/wp-json\/wp\/v2\/media\/35197"}],"wp:attachment":[{"href":"https:\/\/murter-online.com\/de\/wp-json\/wp\/v2\/media?parent=52597"}],"wp:term":[{"taxonomy":"product_brand","embeddable":true,"href":"https:\/\/murter-online.com\/de\/wp-json\/wp\/v2\/product_brand?post=52597"},{"taxonomy":"product_cat","embeddable":true,"href":"https:\/\/murter-online.com\/de\/wp-json\/wp\/v2\/product_cat?post=52597"},{"taxonomy":"product_tag","embeddable":true,"href":"https:\/\/murter-online.com\/de\/wp-json\/wp\/v2\/product_tag?post=52597"}],"curies":[{"name":"wp","href":"https:\/\/api.w.org\/{rel}","templated":true}]}}