{"id":52606,"date":"2025-01-07T07:21:48","date_gmt":"2025-01-07T07:21:48","guid":{"rendered":"https:\/\/murter.riot.hr\/?post_type=product&#038;p=52606"},"modified":"2025-03-29T19:33:50","modified_gmt":"2025-03-29T18:33:50","slug":"kleines-ferienhaus-in-murter-a21-id-266","status":"publish","type":"product","link":"https:\/\/murter-online.com\/de\/produkt\/kleines-ferienhaus-in-murter-a21-id-266\/","title":{"rendered":"Kleines Ferienhaus Murter A2+1 ID 266"},"content":{"rendered":"","protected":false},"excerpt":{"rendered":"<p>Ein kleines Ferienhaus befindet sich in der Stadt Murter, 250 Meter vom Zentrum von Murter entfernt, an einem friedlichen und ruhigen Ort. Es ist ein separates Geb\u00e4ude, bestehend aus einem Schlafzimmer, K\u00fcche, Wohnzimmer und Toilette mit Bad. Die Wohnung (Haus) ist etwa 450 Meter vom \u00f6rtlichen Lukasstrand entfernt. Das kleine Haus ist mit Klimaanlage, Wi-Fi Internet, Backofen und Waschmaschine, K\u00fchlschrank mit Gefrierfach ausgestattet. Das Parken ist im Hof \u200b\u200bvor dem Haus zur Verf\u00fcgung gestellt und ist im Preis der Wohnung inbegriffen. Es gibt einen Au\u00dfengrill, der benutzt werden kann.<\/p>\n","protected":false},"featured_media":35325,"template":"","meta":{"_acf_changed":false},"product_brand":[],"product_cat":[148],"product_tag":[],"class_list":{"0":"post-52606","1":"product","2":"type-product","3":"status-publish","4":"has-post-thumbnail","6":"product_cat-ferienhaus-villa","8":"first","9":"instock","10":"sold-individually","11":"shipping-taxable","12":"purchasable","13":"product-type-phive_booking"},"acf":[],"_links":{"self":[{"href":"https:\/\/murter-online.com\/de\/wp-json\/wp\/v2\/product\/52606","targetHints":{"allow":["GET"]}}],"collection":[{"href":"https:\/\/murter-online.com\/de\/wp-json\/wp\/v2\/product"}],"about":[{"href":"https:\/\/murter-online.com\/de\/wp-json\/wp\/v2\/types\/product"}],"wp:featuredmedia":[{"embeddable":true,"href":"https:\/\/murter-online.com\/de\/wp-json\/wp\/v2\/media\/35325"}],"wp:attachment":[{"href":"https:\/\/murter-online.com\/de\/wp-json\/wp\/v2\/media?parent=52606"}],"wp:term":[{"taxonomy":"product_brand","embeddable":true,"href":"https:\/\/murter-online.com\/de\/wp-json\/wp\/v2\/product_brand?post=52606"},{"taxonomy":"product_cat","embeddable":true,"href":"https:\/\/murter-online.com\/de\/wp-json\/wp\/v2\/product_cat?post=52606"},{"taxonomy":"product_tag","embeddable":true,"href":"https:\/\/murter-online.com\/de\/wp-json\/wp\/v2\/product_tag?post=52606"}],"curies":[{"name":"wp","href":"https:\/\/api.w.org\/{rel}","templated":true}]}}