{"id":52614,"date":"2025-01-20T07:18:38","date_gmt":"2025-01-20T06:18:38","guid":{"rendered":"https:\/\/murter.riot.hr\/?post_type=product&#038;p=52614"},"modified":"2025-12-31T10:05:14","modified_gmt":"2025-12-31T09:05:14","slug":"ferienwohnungen-murter-podraduc-a4-id-320","status":"publish","type":"product","link":"https:\/\/murter-online.com\/de\/produkt\/ferienwohnungen-murter-podraduc-a4-id-320\/","title":{"rendered":"Ferienwohnung Murter Meerblick Podradu\u010d A4 ID 320"},"content":{"rendered":"","protected":false},"excerpt":{"rendered":"<p id=\"tw-target-text\" class=\"tw-data-text tw-text-large tw-ta\" dir=\"ltr\" tabindex=\"-1\" role=\"text\" data-placeholder=\"Prijevod\" data-ved=\"2ahUKEwiO-u-lueeRAxU64wIHHUf-EdQQ3ewLegQIDBAW\" aria-label=\"Prevedeni tekst: Familienapartment mit zwei Schlafzimmern, das sich in der attraktivsten Lage am Meer in der Stra\u00dfe Murter - Podradu\u010d befindet. Wenn Sie eine Unterkunft in der N\u00e4he des Meeres mit atemberaubender Aussicht und ruhiger Lage suchen, ist diese Unterkunft genau das Richtige f\u00fcr Sie. Das Apartment verf\u00fcgt \u00fcber zwei Schlafzimmer, in denen 4 Personen schlafen k\u00f6nnen, und ein zus\u00e4tzliches Bett (Sofa) im Wohnzimmer, das zum Schlafen genutzt werden kann. Die K\u00fcche ist komplett ausgestattet mit einem gro\u00dfen K\u00fchlschrank. Die Wohnung liegt 70 Meter vom sch\u00f6nen und sauberen Felsstrand entfernt. Es gibt eine gro\u00dfe Terrasse mit Meerblick. Vor dem Haus steht Ihnen ein kostenloser Parkplatz zur Verf\u00fcgung. Internet WLAN, Klimaanlage, Bettw\u00e4sche, Handt\u00fccher und Endreinigung sind im Preis inbegriffen. Es gibt einen offenen Grill, der kostenlos genutzt werden kann.\"><span class=\"Y2IQFc\" lang=\"de\">Familienapartment mit zwei Schlafzimmern, das sich in der attraktivsten Lage am Meer in der Stra\u00dfe Murter &#8211; Podradu\u010d befindet. Wenn Sie eine Unterkunft in der N\u00e4he des Meeres mit atemberaubender Aussicht und ruhiger Lage suchen, ist diese Unterkunft genau das Richtige f\u00fcr Sie. Das Apartment verf\u00fcgt \u00fcber zwei Schlafzimmer, in denen 4 Personen schlafen k\u00f6nnen, und ein zus\u00e4tzliches Bett (Sofa) im Wohnzimmer, das zum Schlafen genutzt werden kann. Die K\u00fcche ist komplett ausgestattet mit einem gro\u00dfen K\u00fchlschrank. Die Wohnung liegt 70 Meter vom sch\u00f6nen und sauberen Felsstrand entfernt. Es gibt eine gro\u00dfe Terrasse mit Meerblick. Vor dem Haus steht Ihnen ein kostenloser Parkplatz zur Verf\u00fcgung. Internet WLAN, Klimaanlage, Bettw\u00e4sche, Handt\u00fccher und Endreinigung sind im Preis inbegriffen. Es gibt einen offenen Grill, der kostenlos genutzt werden kann.<\/span><\/p>\n","protected":false},"featured_media":59781,"template":"","meta":{"_acf_changed":false},"product_brand":[],"product_cat":[144,130,142],"product_tag":[],"class_list":{"0":"post-52614","1":"product","2":"type-product","3":"status-publish","4":"has-post-thumbnail","6":"product_cat-familien-ferienwohnung","7":"product_cat-ferienwohnungen","8":"product_cat-ferienwohnungen-mit-meerblick","10":"first","11":"instock","12":"sold-individually","13":"shipping-taxable","14":"purchasable","15":"product-type-phive_booking"},"acf":[],"_links":{"self":[{"href":"https:\/\/murter-online.com\/de\/wp-json\/wp\/v2\/product\/52614","targetHints":{"allow":["GET"]}}],"collection":[{"href":"https:\/\/murter-online.com\/de\/wp-json\/wp\/v2\/product"}],"about":[{"href":"https:\/\/murter-online.com\/de\/wp-json\/wp\/v2\/types\/product"}],"wp:featuredmedia":[{"embeddable":true,"href":"https:\/\/murter-online.com\/de\/wp-json\/wp\/v2\/media\/59781"}],"wp:attachment":[{"href":"https:\/\/murter-online.com\/de\/wp-json\/wp\/v2\/media?parent=52614"}],"wp:term":[{"taxonomy":"product_brand","embeddable":true,"href":"https:\/\/murter-online.com\/de\/wp-json\/wp\/v2\/product_brand?post=52614"},{"taxonomy":"product_cat","embeddable":true,"href":"https:\/\/murter-online.com\/de\/wp-json\/wp\/v2\/product_cat?post=52614"},{"taxonomy":"product_tag","embeddable":true,"href":"https:\/\/murter-online.com\/de\/wp-json\/wp\/v2\/product_tag?post=52614"}],"curies":[{"name":"wp","href":"https:\/\/api.w.org\/{rel}","templated":true}]}}