{"id":52618,"date":"2025-01-08T19:16:25","date_gmt":"2025-01-08T19:16:25","guid":{"rendered":"https:\/\/murter.riot.hr\/?post_type=product&#038;p=52618"},"modified":"2025-03-29T09:37:35","modified_gmt":"2025-03-29T08:37:35","slug":"mobilheim-lostura-ferienwohnung-sea-heaven-a41-id-75","status":"publish","type":"product","link":"https:\/\/murter-online.com\/de\/produkt\/mobilheim-lostura-ferienwohnung-sea-heaven-a41-id-75\/","title":{"rendered":"Mobilheime am strand Murter strand Slanica A4+1 ID 75"},"content":{"rendered":"","protected":false},"excerpt":{"rendered":"<div align=\"center\">\n<div class=\"max_width\" align=\"left\">\n<div>\n<div>Die Wohnung mit herrlichem Meerblick befindet sich in ausgezeichneter Lage, nur 40 Meter vom Meer entfernt. Es hat zwei Schlafzimmer. Es hat ein Badezimmer mit Dusche. Balkon \/ Terrasse ist 40 m2. Die Wohnung befindet sich im Erdgeschoss. Die Wohnung ist mit TV, Klimaanlage, Satellitenempf\u00e4nger und kostenlosem WLAN ausgestattet. Das Parken ist vorhanden und im Preis inbegriffen. Die Wohnung ist ca. 1000m vom Zentrum und 40 m vom Meer oder dem ersten Strand in Murter entfernt. Haustiere sind erlaubt. Die Wohnung befindet sich nur 2 Minuten zu Fu\u00df vom Strand Slanica und 3 Minuten zu Fu\u00df vom Gesch\u00e4ft entfernt. Nur 5 Minuten zu Fu\u00df zum Sandstrand Podvr\u0161ke. Die Wohnung ist 20 Minuten zu Fu\u00df vom Zentrum entfernt.<\/div>\n<\/div>\n<\/div>\n<\/div>\n<div align=\"center\"><\/div>\n","protected":false},"featured_media":36035,"template":"","meta":{"_acf_changed":false},"product_brand":[],"product_cat":[144,130,142,150],"product_tag":[],"class_list":{"0":"post-52618","1":"product","2":"type-product","3":"status-publish","4":"has-post-thumbnail","6":"product_cat-familien-ferienwohnung","7":"product_cat-ferienwohnungen","8":"product_cat-ferienwohnungen-mit-meerblick","9":"product_cat-mobilheim","11":"first","12":"instock","13":"sold-individually","14":"shipping-taxable","15":"purchasable","16":"product-type-phive_booking"},"acf":[],"_links":{"self":[{"href":"https:\/\/murter-online.com\/de\/wp-json\/wp\/v2\/product\/52618","targetHints":{"allow":["GET"]}}],"collection":[{"href":"https:\/\/murter-online.com\/de\/wp-json\/wp\/v2\/product"}],"about":[{"href":"https:\/\/murter-online.com\/de\/wp-json\/wp\/v2\/types\/product"}],"wp:featuredmedia":[{"embeddable":true,"href":"https:\/\/murter-online.com\/de\/wp-json\/wp\/v2\/media\/36035"}],"wp:attachment":[{"href":"https:\/\/murter-online.com\/de\/wp-json\/wp\/v2\/media?parent=52618"}],"wp:term":[{"taxonomy":"product_brand","embeddable":true,"href":"https:\/\/murter-online.com\/de\/wp-json\/wp\/v2\/product_brand?post=52618"},{"taxonomy":"product_cat","embeddable":true,"href":"https:\/\/murter-online.com\/de\/wp-json\/wp\/v2\/product_cat?post=52618"},{"taxonomy":"product_tag","embeddable":true,"href":"https:\/\/murter-online.com\/de\/wp-json\/wp\/v2\/product_tag?post=52618"}],"curies":[{"name":"wp","href":"https:\/\/api.w.org\/{rel}","templated":true}]}}