{"id":52633,"date":"2025-01-08T19:34:24","date_gmt":"2025-01-08T19:34:24","guid":{"rendered":"https:\/\/murter.riot.hr\/?post_type=product&#038;p=52633"},"modified":"2025-04-17T10:17:16","modified_gmt":"2025-04-17T09:17:16","slug":"ferienwohnung-podraduc-top-view-a42-id-130","status":"publish","type":"product","link":"https:\/\/murter-online.com\/de\/produkt\/ferienwohnung-podraduc-top-view-a42-id-130\/","title":{"rendered":"Ferienwohnung Murter Meerblick Podradu\u010d Top view A4+2 ID 130"},"content":{"rendered":"","protected":false},"excerpt":{"rendered":"<p>Das Apartment Seaside Pearl A4 + 2 ID 80 befindet sich in der N\u00e4he der Str\u00e4nde Slanica und \u010cigra\u0111a. Es bietet Unterk\u00fcnfte mit kostenfreiem WLAN und kostenfreien Privatparkpl\u00e4tzen. Das Apartment verf\u00fcgt \u00fcber eine Klimaanlage, einen Flachbild-Sat-TV und ein eigenes Bad mit einem Haartrockner. Es gibt auch eine voll ausgestattete K\u00fcche mit einer Mikrowelle, einem K\u00fchlschrank, einem Kochfeld, einem Wasserkocher, einer Kaffeemaschine und einem Essbereich. Der Preis von 157 Euro pro Tag gilt f\u00fcr 4 Personen. Wenn 5 Personen in der Wohnung sind, betr\u00e4gt der Preis 176 Euro \/ Wohnung \/ Tag. Wenn 6 Personen in der Wohnung sind, betr\u00e4gt der Preis 195 Euro \/ Wohnung \/ Tag.<\/p>\n","protected":false},"featured_media":36407,"template":"","meta":{"_acf_changed":false},"product_brand":[],"product_cat":[144,130,142],"product_tag":[],"class_list":{"0":"post-52633","1":"product","2":"type-product","3":"status-publish","4":"has-post-thumbnail","6":"product_cat-familien-ferienwohnung","7":"product_cat-ferienwohnungen","8":"product_cat-ferienwohnungen-mit-meerblick","10":"first","11":"instock","12":"sold-individually","13":"shipping-taxable","14":"purchasable","15":"product-type-phive_booking"},"acf":[],"_links":{"self":[{"href":"https:\/\/murter-online.com\/de\/wp-json\/wp\/v2\/product\/52633","targetHints":{"allow":["GET"]}}],"collection":[{"href":"https:\/\/murter-online.com\/de\/wp-json\/wp\/v2\/product"}],"about":[{"href":"https:\/\/murter-online.com\/de\/wp-json\/wp\/v2\/types\/product"}],"wp:featuredmedia":[{"embeddable":true,"href":"https:\/\/murter-online.com\/de\/wp-json\/wp\/v2\/media\/36407"}],"wp:attachment":[{"href":"https:\/\/murter-online.com\/de\/wp-json\/wp\/v2\/media?parent=52633"}],"wp:term":[{"taxonomy":"product_brand","embeddable":true,"href":"https:\/\/murter-online.com\/de\/wp-json\/wp\/v2\/product_brand?post=52633"},{"taxonomy":"product_cat","embeddable":true,"href":"https:\/\/murter-online.com\/de\/wp-json\/wp\/v2\/product_cat?post=52633"},{"taxonomy":"product_tag","embeddable":true,"href":"https:\/\/murter-online.com\/de\/wp-json\/wp\/v2\/product_tag?post=52633"}],"curies":[{"name":"wp","href":"https:\/\/api.w.org\/{rel}","templated":true}]}}