{"id":52638,"date":"2025-01-08T19:39:31","date_gmt":"2025-01-08T18:39:31","guid":{"rendered":"https:\/\/murter.riot.hr\/?post_type=product&#038;p=52638"},"modified":"2025-04-25T10:28:30","modified_gmt":"2025-04-25T09:28:30","slug":"wohnung-unterkunft-in-murter-1-a4-id-230","status":"publish","type":"product","link":"https:\/\/murter-online.com\/de\/produkt\/wohnung-unterkunft-in-murter-1-a4-id-230\/","title":{"rendered":"Ferienwohnung f\u00fcr familien &#8211; Unterkunft in Murter 6 A4 ID 230"},"content":{"rendered":"","protected":false},"excerpt":{"rendered":"<div align=\"center\">\n<div class=\"max_width\" align=\"left\">\n<div>\n<div>Wohnung f\u00fcr vier Personen befindet sich im Erdgeschoss und besteht aus zwei Schlafzimmern (ein Doppelbett und zwei Einzelbetten (Gr\u00f6\u00dfe 200&#215;90), K\u00fcche, Bad und gro\u00dfe Terrasse (18m2). Die Wohnung ist mit TV und Klimaanlage, Wi-Fi ausgestattet , K\u00fcche Backofen und Mikrowelle und K\u00fchlschrank mit Gefrierfach. Vor der Wohnung haben wir einen Au\u00dfengrill, den die G\u00e4ste jederzeit benutzen k\u00f6nnen. Parkpl\u00e4tze sind vorhanden und befinden sich im Hof.<\/div>\n<\/div>\n<\/div>\n<\/div>\n<div align=\"center\"><\/div>\n","protected":false},"featured_media":36659,"template":"","meta":{"_acf_changed":false},"product_brand":[],"product_cat":[144,130],"product_tag":[],"class_list":{"0":"post-52638","1":"product","2":"type-product","3":"status-publish","4":"has-post-thumbnail","6":"product_cat-familien-ferienwohnung","7":"product_cat-ferienwohnungen","9":"first","10":"instock","11":"sold-individually","12":"shipping-taxable","13":"purchasable","14":"product-type-phive_booking"},"acf":[],"_links":{"self":[{"href":"https:\/\/murter-online.com\/de\/wp-json\/wp\/v2\/product\/52638","targetHints":{"allow":["GET"]}}],"collection":[{"href":"https:\/\/murter-online.com\/de\/wp-json\/wp\/v2\/product"}],"about":[{"href":"https:\/\/murter-online.com\/de\/wp-json\/wp\/v2\/types\/product"}],"wp:featuredmedia":[{"embeddable":true,"href":"https:\/\/murter-online.com\/de\/wp-json\/wp\/v2\/media\/36659"}],"wp:attachment":[{"href":"https:\/\/murter-online.com\/de\/wp-json\/wp\/v2\/media?parent=52638"}],"wp:term":[{"taxonomy":"product_brand","embeddable":true,"href":"https:\/\/murter-online.com\/de\/wp-json\/wp\/v2\/product_brand?post=52638"},{"taxonomy":"product_cat","embeddable":true,"href":"https:\/\/murter-online.com\/de\/wp-json\/wp\/v2\/product_cat?post=52638"},{"taxonomy":"product_tag","embeddable":true,"href":"https:\/\/murter-online.com\/de\/wp-json\/wp\/v2\/product_tag?post=52638"}],"curies":[{"name":"wp","href":"https:\/\/api.w.org\/{rel}","templated":true}]}}