{"id":52651,"date":"2025-01-08T20:28:54","date_gmt":"2025-01-08T20:28:54","guid":{"rendered":"https:\/\/murter.riot.hr\/?post_type=product&#038;p=52651"},"modified":"2025-04-25T10:38:12","modified_gmt":"2025-04-25T09:38:12","slug":"apartment-unterkunft-in-murter-8-a4-id-237","status":"publish","type":"product","link":"https:\/\/murter-online.com\/de\/produkt\/apartment-unterkunft-in-murter-8-a4-id-237\/","title":{"rendered":"Ferienwohnung f\u00fcr familien &#8211; Unterkunft in Murter 8 A4 ID 237"},"content":{"rendered":"","protected":false},"excerpt":{"rendered":"<p>Wohnung f\u00fcr vier Personen im ersten Stock und besteht aus zwei Schlafzimmern (ein Doppelbett und zwei Einzelbetten (Ma\u00dfe 200&#215;90), K\u00fcche, Bad und gro\u00dfe Terrasse (15m2). Die Wohnung ist mit TV und Klimaanlage, Wi-Fi ausgestattet , Mikrowelle und K\u00fchlschrank mit Gefrierfach.Vor der Wohnung haben wir einen Au\u00dfengrill, den die G\u00e4ste jederzeit benutzen k\u00f6nnen.Parkpl\u00e4tze sind vorhanden und befinden sich im Hof.Die Wohnung befindet sich in der N\u00e4he des \u00f6rtlichen Lukasstrandes und des Sandstrandes Podvr\u0161ke.<\/p>\n","protected":false},"featured_media":36795,"template":"","meta":{"_acf_changed":false},"product_brand":[],"product_cat":[144,130],"product_tag":[],"class_list":{"0":"post-52651","1":"product","2":"type-product","3":"status-publish","4":"has-post-thumbnail","6":"product_cat-familien-ferienwohnung","7":"product_cat-ferienwohnungen","9":"first","10":"instock","11":"sold-individually","12":"shipping-taxable","13":"purchasable","14":"product-type-phive_booking"},"acf":[],"_links":{"self":[{"href":"https:\/\/murter-online.com\/de\/wp-json\/wp\/v2\/product\/52651","targetHints":{"allow":["GET"]}}],"collection":[{"href":"https:\/\/murter-online.com\/de\/wp-json\/wp\/v2\/product"}],"about":[{"href":"https:\/\/murter-online.com\/de\/wp-json\/wp\/v2\/types\/product"}],"wp:featuredmedia":[{"embeddable":true,"href":"https:\/\/murter-online.com\/de\/wp-json\/wp\/v2\/media\/36795"}],"wp:attachment":[{"href":"https:\/\/murter-online.com\/de\/wp-json\/wp\/v2\/media?parent=52651"}],"wp:term":[{"taxonomy":"product_brand","embeddable":true,"href":"https:\/\/murter-online.com\/de\/wp-json\/wp\/v2\/product_brand?post=52651"},{"taxonomy":"product_cat","embeddable":true,"href":"https:\/\/murter-online.com\/de\/wp-json\/wp\/v2\/product_cat?post=52651"},{"taxonomy":"product_tag","embeddable":true,"href":"https:\/\/murter-online.com\/de\/wp-json\/wp\/v2\/product_tag?post=52651"}],"curies":[{"name":"wp","href":"https:\/\/api.w.org\/{rel}","templated":true}]}}