{"id":52656,"date":"2025-01-08T20:32:44","date_gmt":"2025-01-08T20:32:44","guid":{"rendered":"https:\/\/murter.riot.hr\/?post_type=product&#038;p=52656"},"modified":"2025-04-12T07:37:19","modified_gmt":"2025-04-12T06:37:19","slug":"haus-adelaide-ferienwohnungen-podraduc-murter-a41-id-15","status":"publish","type":"product","link":"https:\/\/murter-online.com\/de\/produkt\/haus-adelaide-ferienwohnungen-podraduc-murter-a41-id-15\/","title":{"rendered":"Ferienwohnung Murter direkt am Meer Adelaide Podradu\u010d Murter A4+1 ID 15"},"content":{"rendered":"","protected":false},"excerpt":{"rendered":"<p>Die Wohnung mit wundersch\u00f6nem Meerblick befindet sich in ausgezeichneter Lage, nur 30m. weit vom Meer entfernt. Die Wohnung ist mit Fernseher, Klimaanlage und Satellitenempf\u00e4nger ausgestattet. Die Wohnung verf\u00fcgt \u00fcber ein Badezimmer mit Dusche. Es gibt ein Wohnzimmer, in dem man schlafen kann. Die Wohnfl\u00e4che betr\u00e4gt 50 m2. und der Balkon \/ die Terrasse ist 12 m2 gro\u00df. In der Wohnung k\u00f6nnen 5 Personen auf den Hauptbetten und 1 Person auf einem Schlafsofa im Wohnzimmer schlafen. Die Wohnung befindet sich im zweiten Stock. Haustiere &#8211; nicht erlaubt. Die Wohnung verf\u00fcgt \u00fcber einen eigenen kostenlosen Parkplatz. Die Wohnung ist 2000 Meter vom Zentrum und etwa 50 Meter vom Meer oder dem ersten Strand in Murter entfernt.<\/p>\n","protected":false},"featured_media":36835,"template":"","meta":{"_acf_changed":false},"product_brand":[],"product_cat":[144,130,142],"product_tag":[],"class_list":{"0":"post-52656","1":"product","2":"type-product","3":"status-publish","4":"has-post-thumbnail","6":"product_cat-familien-ferienwohnung","7":"product_cat-ferienwohnungen","8":"product_cat-ferienwohnungen-mit-meerblick","10":"first","11":"instock","12":"sold-individually","13":"shipping-taxable","14":"purchasable","15":"product-type-phive_booking"},"acf":[],"_links":{"self":[{"href":"https:\/\/murter-online.com\/de\/wp-json\/wp\/v2\/product\/52656","targetHints":{"allow":["GET"]}}],"collection":[{"href":"https:\/\/murter-online.com\/de\/wp-json\/wp\/v2\/product"}],"about":[{"href":"https:\/\/murter-online.com\/de\/wp-json\/wp\/v2\/types\/product"}],"wp:featuredmedia":[{"embeddable":true,"href":"https:\/\/murter-online.com\/de\/wp-json\/wp\/v2\/media\/36835"}],"wp:attachment":[{"href":"https:\/\/murter-online.com\/de\/wp-json\/wp\/v2\/media?parent=52656"}],"wp:term":[{"taxonomy":"product_brand","embeddable":true,"href":"https:\/\/murter-online.com\/de\/wp-json\/wp\/v2\/product_brand?post=52656"},{"taxonomy":"product_cat","embeddable":true,"href":"https:\/\/murter-online.com\/de\/wp-json\/wp\/v2\/product_cat?post=52656"},{"taxonomy":"product_tag","embeddable":true,"href":"https:\/\/murter-online.com\/de\/wp-json\/wp\/v2\/product_tag?post=52656"}],"curies":[{"name":"wp","href":"https:\/\/api.w.org\/{rel}","templated":true}]}}