{"id":52661,"date":"2025-01-08T21:33:21","date_gmt":"2025-01-08T21:33:21","guid":{"rendered":"https:\/\/murter.riot.hr\/?post_type=product&#038;p=52661"},"modified":"2025-01-28T09:34:50","modified_gmt":"2025-01-28T09:34:50","slug":"haus-strand-podvrske-murter-2-a4-id-31","status":"publish","type":"product","link":"https:\/\/murter-online.com\/de\/produkt\/haus-strand-podvrske-murter-2-a4-id-31\/","title":{"rendered":"Haus Strand Podvr\u0161ke Murter 2 A4 ID 31"},"content":{"rendered":"","protected":false},"excerpt":{"rendered":"<p>Ferienwohnung befindet sich in ausgezeichnete Lage, nur 300m. vom Meer entfernt. Die Ferienwohnung hat eine Fl\u00e4che von 65 m2. Diese Ferienwohnung verf\u00fcgt \u00fcber zwei Schlafzimmern wo 4 Erwachsene schlafen k\u00f6nnen. Es gibt einen kostenlosen Parkplatz. Es gibt eine Badezimmer mit Dusche . Die Ferienwohnung ist ausgestattet mit Fernseher, Klimaanlage. Balkon\/Terrasse ist 10 m2 gro\u00df. , hat ein Wohnzimmer. Liegt im ersten Stock. Haustiere &#8211; nicht gestattet. Die FeWo ist 600m. weit vom Zentrum und ca. 300m. weit vom Meer oder dem ersten Strand in Murter<\/p>\n","protected":false},"featured_media":36927,"template":"","meta":{"_acf_changed":false},"product_brand":[],"product_cat":[144,130],"product_tag":[],"class_list":{"0":"post-52661","1":"product","2":"type-product","3":"status-publish","4":"has-post-thumbnail","6":"product_cat-familien-ferienwohnung","7":"product_cat-ferienwohnungen","9":"first","10":"instock","11":"sold-individually","12":"shipping-taxable","13":"purchasable","14":"product-type-phive_booking"},"acf":[],"_links":{"self":[{"href":"https:\/\/murter-online.com\/de\/wp-json\/wp\/v2\/product\/52661","targetHints":{"allow":["GET"]}}],"collection":[{"href":"https:\/\/murter-online.com\/de\/wp-json\/wp\/v2\/product"}],"about":[{"href":"https:\/\/murter-online.com\/de\/wp-json\/wp\/v2\/types\/product"}],"wp:featuredmedia":[{"embeddable":true,"href":"https:\/\/murter-online.com\/de\/wp-json\/wp\/v2\/media\/36927"}],"wp:attachment":[{"href":"https:\/\/murter-online.com\/de\/wp-json\/wp\/v2\/media?parent=52661"}],"wp:term":[{"taxonomy":"product_brand","embeddable":true,"href":"https:\/\/murter-online.com\/de\/wp-json\/wp\/v2\/product_brand?post=52661"},{"taxonomy":"product_cat","embeddable":true,"href":"https:\/\/murter-online.com\/de\/wp-json\/wp\/v2\/product_cat?post=52661"},{"taxonomy":"product_tag","embeddable":true,"href":"https:\/\/murter-online.com\/de\/wp-json\/wp\/v2\/product_tag?post=52661"}],"curies":[{"name":"wp","href":"https:\/\/api.w.org\/{rel}","templated":true}]}}