{"id":52666,"date":"2025-01-08T21:38:51","date_gmt":"2025-01-08T20:38:51","guid":{"rendered":"https:\/\/murter.riot.hr\/?post_type=product&#038;p=52666"},"modified":"2026-03-06T21:40:48","modified_gmt":"2026-03-06T20:40:48","slug":"ferienwohnung-charming-central-luke-beach-a41","status":"publish","type":"product","link":"https:\/\/murter-online.com\/de\/produkt\/ferienwohnung-charming-central-luke-beach-a41\/","title":{"rendered":"Ferienwohnung f\u00fcr familien Strand Luke Charming Central Murter A4+1"},"content":{"rendered":"","protected":false},"excerpt":{"rendered":"<p>Sch\u00f6ne Wohnung mit zwei Schlafzimmern, in der 4 Erwachsene schlafen k\u00f6nnen. Die Wohnung verf\u00fcgt \u00fcber ein Wohnzimmer mit einem Sofa, das als Zustellbett f\u00fcr eine Person genutzt werden kann. Die Wohnung befindet sich in ausgezeichneter Lage, 150 Meter vom Strand Lukas und 600 Meter vom Zentrum von Murter entfernt. Die Wohnung verf\u00fcgt \u00fcber Klimaanlage, WLAN, Waschmaschine und Geschirrsp\u00fcler, die K\u00fcche ist komplett ausgestattet. Vor der Wohnung befindet sich ein kostenloser Parkplatz f\u00fcr das Auto.<\/p>\n","protected":false},"featured_media":37439,"template":"","meta":{"_acf_changed":false},"product_brand":[],"product_cat":[144,130],"product_tag":[],"class_list":{"0":"post-52666","1":"product","2":"type-product","3":"status-publish","4":"has-post-thumbnail","6":"product_cat-familien-ferienwohnung","7":"product_cat-ferienwohnungen","9":"first","10":"instock","11":"sold-individually","12":"shipping-taxable","13":"purchasable","14":"product-type-phive_booking"},"acf":[],"_links":{"self":[{"href":"https:\/\/murter-online.com\/de\/wp-json\/wp\/v2\/product\/52666","targetHints":{"allow":["GET"]}}],"collection":[{"href":"https:\/\/murter-online.com\/de\/wp-json\/wp\/v2\/product"}],"about":[{"href":"https:\/\/murter-online.com\/de\/wp-json\/wp\/v2\/types\/product"}],"wp:featuredmedia":[{"embeddable":true,"href":"https:\/\/murter-online.com\/de\/wp-json\/wp\/v2\/media\/37439"}],"wp:attachment":[{"href":"https:\/\/murter-online.com\/de\/wp-json\/wp\/v2\/media?parent=52666"}],"wp:term":[{"taxonomy":"product_brand","embeddable":true,"href":"https:\/\/murter-online.com\/de\/wp-json\/wp\/v2\/product_brand?post=52666"},{"taxonomy":"product_cat","embeddable":true,"href":"https:\/\/murter-online.com\/de\/wp-json\/wp\/v2\/product_cat?post=52666"},{"taxonomy":"product_tag","embeddable":true,"href":"https:\/\/murter-online.com\/de\/wp-json\/wp\/v2\/product_tag?post=52666"}],"curies":[{"name":"wp","href":"https:\/\/api.w.org\/{rel}","templated":true}]}}