{"id":52678,"date":"2025-01-09T19:13:22","date_gmt":"2025-01-09T19:13:22","guid":{"rendered":"https:\/\/murter.riot.hr\/?post_type=product&#038;p=52678"},"modified":"2025-01-28T09:53:53","modified_gmt":"2025-01-28T09:53:53","slug":"wohnung-cigrada-murter-2-a32-id-241","status":"publish","type":"product","link":"https:\/\/murter-online.com\/de\/produkt\/wohnung-cigrada-murter-2-a32-id-241\/","title":{"rendered":"Wohnung \u010cigra\u0111a Murter 2 A3+2 ID 241"},"content":{"rendered":"","protected":false},"excerpt":{"rendered":"<p>Apartment mit zwei Schlafzimmern und Meerblick! Die Wohnung befindet sich in der N\u00e4he des Strandes \u010cigra\u0111a. Die Wohnung hat zwei Schlafzimmer. Die Wohnung verf\u00fcgt \u00fcber ein Wohnzimmer, das zum Schlafen genutzt werden kann. Das Apartment bietet Platz f\u00fcr maximal 5 Erwachsene. Die K\u00fcche ist komplett ausgestattet. Die Wohnung verf\u00fcgt \u00fcber Klimaanlage und WiFi &#8211; Internet. Das Parken ist kostenlos und gesichert vor der Wohnung im Hof. Es gibt einen Au\u00dfengrill, der benutzt werden kann.<\/p>\n","protected":false},"featured_media":40319,"template":"","meta":{"_acf_changed":false},"product_brand":[],"product_cat":[144,130,142],"product_tag":[],"class_list":{"0":"post-52678","1":"product","2":"type-product","3":"status-publish","4":"has-post-thumbnail","6":"product_cat-familien-ferienwohnung","7":"product_cat-ferienwohnungen","8":"product_cat-ferienwohnungen-mit-meerblick","10":"first","11":"instock","12":"sold-individually","13":"shipping-taxable","14":"purchasable","15":"product-type-phive_booking"},"acf":[],"_links":{"self":[{"href":"https:\/\/murter-online.com\/de\/wp-json\/wp\/v2\/product\/52678","targetHints":{"allow":["GET"]}}],"collection":[{"href":"https:\/\/murter-online.com\/de\/wp-json\/wp\/v2\/product"}],"about":[{"href":"https:\/\/murter-online.com\/de\/wp-json\/wp\/v2\/types\/product"}],"wp:featuredmedia":[{"embeddable":true,"href":"https:\/\/murter-online.com\/de\/wp-json\/wp\/v2\/media\/40319"}],"wp:attachment":[{"href":"https:\/\/murter-online.com\/de\/wp-json\/wp\/v2\/media?parent=52678"}],"wp:term":[{"taxonomy":"product_brand","embeddable":true,"href":"https:\/\/murter-online.com\/de\/wp-json\/wp\/v2\/product_brand?post=52678"},{"taxonomy":"product_cat","embeddable":true,"href":"https:\/\/murter-online.com\/de\/wp-json\/wp\/v2\/product_cat?post=52678"},{"taxonomy":"product_tag","embeddable":true,"href":"https:\/\/murter-online.com\/de\/wp-json\/wp\/v2\/product_tag?post=52678"}],"curies":[{"name":"wp","href":"https:\/\/api.w.org\/{rel}","templated":true}]}}