{"id":52690,"date":"2025-01-09T19:37:09","date_gmt":"2025-01-09T19:37:09","guid":{"rendered":"https:\/\/murter.riot.hr\/?post_type=product&#038;p=52690"},"modified":"2025-04-19T09:04:23","modified_gmt":"2025-04-19T08:04:23","slug":"ferienwohnung-cigrada-pool-paradise-a6-id-135","status":"publish","type":"product","link":"https:\/\/murter-online.com\/de\/produkt\/ferienwohnung-cigrada-pool-paradise-a6-id-135\/","title":{"rendered":"Ferienwohnung Murter mit Pool Paradise A6 ID 135"},"content":{"rendered":"","protected":false},"excerpt":{"rendered":"<p>Die Wohnung ist ca. 750 Meter vom Meer entfernt. Die Wohnung hat eine Fl\u00e4che von 45 m2. Es verf\u00fcgt \u00fcber zwei Schlafzimmer, in denen 6 Erwachsene schlafen k\u00f6nnen. Es gibt kein Wohnzimmer. Es hat ein Badezimmer mit Dusche. Balkon \/ Terrasse ist 15 m2. Die Wohnung befindet sich im Erdgeschoss. Die Wohnung ist mit TV, Klimaanlage, Satellitenempf\u00e4nger, Backofen und kostenlosem WLAN ausgestattet. Das Parken ist vorhanden und im Preis inbegriffen. Haustiere auf Anfrage. Es gibt einen Au\u00dfenpool, der genutzt werden kann.<\/p>\n","protected":false},"featured_media":40602,"template":"","meta":{"_acf_changed":false},"product_brand":[],"product_cat":[144,130,143],"product_tag":[],"class_list":{"0":"post-52690","1":"product","2":"type-product","3":"status-publish","4":"has-post-thumbnail","6":"product_cat-familien-ferienwohnung","7":"product_cat-ferienwohnungen","8":"product_cat-ferienwohnungen-mit-pool","10":"first","11":"instock","12":"sold-individually","13":"shipping-taxable","14":"purchasable","15":"product-type-phive_booking"},"acf":[],"_links":{"self":[{"href":"https:\/\/murter-online.com\/de\/wp-json\/wp\/v2\/product\/52690","targetHints":{"allow":["GET"]}}],"collection":[{"href":"https:\/\/murter-online.com\/de\/wp-json\/wp\/v2\/product"}],"about":[{"href":"https:\/\/murter-online.com\/de\/wp-json\/wp\/v2\/types\/product"}],"wp:featuredmedia":[{"embeddable":true,"href":"https:\/\/murter-online.com\/de\/wp-json\/wp\/v2\/media\/40602"}],"wp:attachment":[{"href":"https:\/\/murter-online.com\/de\/wp-json\/wp\/v2\/media?parent=52690"}],"wp:term":[{"taxonomy":"product_brand","embeddable":true,"href":"https:\/\/murter-online.com\/de\/wp-json\/wp\/v2\/product_brand?post=52690"},{"taxonomy":"product_cat","embeddable":true,"href":"https:\/\/murter-online.com\/de\/wp-json\/wp\/v2\/product_cat?post=52690"},{"taxonomy":"product_tag","embeddable":true,"href":"https:\/\/murter-online.com\/de\/wp-json\/wp\/v2\/product_tag?post=52690"}],"curies":[{"name":"wp","href":"https:\/\/api.w.org\/{rel}","templated":true}]}}