{"id":52696,"date":"2025-01-13T19:48:11","date_gmt":"2025-01-13T19:48:11","guid":{"rendered":"https:\/\/murter.riot.hr\/?post_type=product&#038;p=52696"},"modified":"2025-04-19T18:24:23","modified_gmt":"2025-04-19T17:24:23","slug":"ferienwohnung-cigrada-pool-paradise-a6-id-137","status":"publish","type":"product","link":"https:\/\/murter-online.com\/de\/produkt\/ferienwohnung-cigrada-pool-paradise-a6-id-137\/","title":{"rendered":"Ferienwohnung Murter mit Pool Paradise Murter A6 ID 137"},"content":{"rendered":"","protected":false},"excerpt":{"rendered":"<p>Die Wohnung ist ca. 750 Meter vom Meer entfernt. Die Wohnung hat eine Fl\u00e4che von 65 m2. Es hat zwei Schlafzimmer, in denen 6 Erwachsene schlafen k\u00f6nnen. Es hat ein Wohnzimmer. Es hat ein Badezimmer mit Dusche. Die Fl\u00e4che des Balkons \/ der Terrasse betr\u00e4gt 15 m2. Die Wohnung befindet sich auf der ersten Etage. Die Wohnung ist mit TV, Klimaanlage, Satellitenempf\u00e4nger, Backofen und kostenlosem WLAN ausgestattet. Das Parken ist vorhanden und im Preis inbegriffen. Haustiere auf Anfrage. Es gibt einen Au\u00dfenpool, der kostenlos genutzt werden kann. Die Wohnung ist ca. 800 m vom Zentrum und 550 m vom Meer oder dem ersten Strand in Murter entfernt. Haustiere sind nicht erlaubt.<\/p>\n","protected":false},"featured_media":48575,"template":"","meta":{"_acf_changed":false},"product_brand":[],"product_cat":[143],"product_tag":[],"class_list":{"0":"post-52696","1":"product","2":"type-product","3":"status-publish","4":"has-post-thumbnail","6":"product_cat-ferienwohnungen-mit-pool","8":"first","9":"instock","10":"sold-individually","11":"shipping-taxable","12":"purchasable","13":"product-type-phive_booking"},"acf":[],"_links":{"self":[{"href":"https:\/\/murter-online.com\/de\/wp-json\/wp\/v2\/product\/52696","targetHints":{"allow":["GET"]}}],"collection":[{"href":"https:\/\/murter-online.com\/de\/wp-json\/wp\/v2\/product"}],"about":[{"href":"https:\/\/murter-online.com\/de\/wp-json\/wp\/v2\/types\/product"}],"wp:featuredmedia":[{"embeddable":true,"href":"https:\/\/murter-online.com\/de\/wp-json\/wp\/v2\/media\/48575"}],"wp:attachment":[{"href":"https:\/\/murter-online.com\/de\/wp-json\/wp\/v2\/media?parent=52696"}],"wp:term":[{"taxonomy":"product_brand","embeddable":true,"href":"https:\/\/murter-online.com\/de\/wp-json\/wp\/v2\/product_brand?post=52696"},{"taxonomy":"product_cat","embeddable":true,"href":"https:\/\/murter-online.com\/de\/wp-json\/wp\/v2\/product_cat?post=52696"},{"taxonomy":"product_tag","embeddable":true,"href":"https:\/\/murter-online.com\/de\/wp-json\/wp\/v2\/product_tag?post=52696"}],"curies":[{"name":"wp","href":"https:\/\/api.w.org\/{rel}","templated":true}]}}