{"id":52700,"date":"2025-01-09T19:41:52","date_gmt":"2025-01-09T19:41:52","guid":{"rendered":"https:\/\/murter.riot.hr\/?post_type=product&#038;p=52700"},"modified":"2025-04-25T20:18:07","modified_gmt":"2025-04-25T19:18:07","slug":"ferienwohnung-garden-house-murter-a41-id-150","status":"publish","type":"product","link":"https:\/\/murter-online.com\/de\/produkt\/ferienwohnung-garden-house-murter-a41-id-150\/","title":{"rendered":"Ferienwohnung f\u00fcr familien Garden house Murter A4+1 ID 150"},"content":{"rendered":"","protected":false},"excerpt":{"rendered":"<div align=\"center\">\n<div class=\"max_width\" align=\"left\">\n<div>\n<div>Die Wohnung befindet sich in einer ausgezeichneten Lage, nur 300 Meter vom Meer entfernt. Die Wohnung hat eine Fl\u00e4che von 50 m2. Es hat zwei Schlafzimmer, in denen 4 Erwachsene schlafen k\u00f6nnen. Es hat ein Wohnzimmer. Es hat ein Zustellbett f\u00fcr eine Person. Es hat ein Badezimmer mit Dusche. Balkon \/ Terrasse ist 8 m2. Die Wohnung befindet sich im Erdgeschoss. Die Wohnung ist mit TV, Klimaanlage, Backofen ausgestattet. Es gibt einen offenen Grill, der genutzt werden kann. Das Parken ist vorhanden und im Preis inbegriffen. Die Wohnung ist ca. 300 m vom Zentrum und 300 m vom Meer oder dem ersten Strand in Murter entfernt. Haustiere auf Anfrage.<\/div>\n<\/div>\n<\/div>\n<\/div>\n<div align=\"center\"><\/div>\n","protected":false},"featured_media":40714,"template":"","meta":{"_acf_changed":false},"product_brand":[],"product_cat":[144,130],"product_tag":[],"class_list":{"0":"post-52700","1":"product","2":"type-product","3":"status-publish","4":"has-post-thumbnail","6":"product_cat-familien-ferienwohnung","7":"product_cat-ferienwohnungen","9":"first","10":"instock","11":"sold-individually","12":"shipping-taxable","13":"purchasable","14":"product-type-phive_booking"},"acf":[],"_links":{"self":[{"href":"https:\/\/murter-online.com\/de\/wp-json\/wp\/v2\/product\/52700","targetHints":{"allow":["GET"]}}],"collection":[{"href":"https:\/\/murter-online.com\/de\/wp-json\/wp\/v2\/product"}],"about":[{"href":"https:\/\/murter-online.com\/de\/wp-json\/wp\/v2\/types\/product"}],"wp:featuredmedia":[{"embeddable":true,"href":"https:\/\/murter-online.com\/de\/wp-json\/wp\/v2\/media\/40714"}],"wp:attachment":[{"href":"https:\/\/murter-online.com\/de\/wp-json\/wp\/v2\/media?parent=52700"}],"wp:term":[{"taxonomy":"product_brand","embeddable":true,"href":"https:\/\/murter-online.com\/de\/wp-json\/wp\/v2\/product_brand?post=52700"},{"taxonomy":"product_cat","embeddable":true,"href":"https:\/\/murter-online.com\/de\/wp-json\/wp\/v2\/product_cat?post=52700"},{"taxonomy":"product_tag","embeddable":true,"href":"https:\/\/murter-online.com\/de\/wp-json\/wp\/v2\/product_tag?post=52700"}],"curies":[{"name":"wp","href":"https:\/\/api.w.org\/{rel}","templated":true}]}}