{"id":52710,"date":"2025-01-09T20:25:44","date_gmt":"2025-01-09T20:25:44","guid":{"rendered":"https:\/\/murter.riot.hr\/?post_type=product&#038;p=52710"},"modified":"2025-04-25T20:40:14","modified_gmt":"2025-04-25T19:40:14","slug":"ferienwohnung-green-garden-murter-a4-id-100","status":"publish","type":"product","link":"https:\/\/murter-online.com\/de\/produkt\/ferienwohnung-green-garden-murter-a4-id-100\/","title":{"rendered":"Ferienwohnung f\u00fcr familien Green Garden Murter A4 ID 100"},"content":{"rendered":"","protected":false},"excerpt":{"rendered":"<p>Die Wohnung befindet sich in der N\u00e4he des Zentrums. Es ist ca. 350m vom n\u00e4chsten Strand entfernt. Die Wohnung besteht aus zwei Doppelzimmern und einem Zustellbett f\u00fcr eine andere Person. Im Hof \u200b\u200bgibt es einen Au\u00dfengrill, den Sie benutzen k\u00f6nnen. Der Preis beinhaltet Reinigung, Handt\u00fccher und Bettw\u00e4sche.<\/p>\n","protected":false},"featured_media":55065,"template":"","meta":{"_acf_changed":false},"product_brand":[],"product_cat":[144,130],"product_tag":[],"class_list":{"0":"post-52710","1":"product","2":"type-product","3":"status-publish","4":"has-post-thumbnail","6":"product_cat-familien-ferienwohnung","7":"product_cat-ferienwohnungen","9":"first","10":"instock","11":"sold-individually","12":"shipping-taxable","13":"purchasable","14":"product-type-phive_booking"},"acf":[],"_links":{"self":[{"href":"https:\/\/murter-online.com\/de\/wp-json\/wp\/v2\/product\/52710","targetHints":{"allow":["GET"]}}],"collection":[{"href":"https:\/\/murter-online.com\/de\/wp-json\/wp\/v2\/product"}],"about":[{"href":"https:\/\/murter-online.com\/de\/wp-json\/wp\/v2\/types\/product"}],"wp:featuredmedia":[{"embeddable":true,"href":"https:\/\/murter-online.com\/de\/wp-json\/wp\/v2\/media\/55065"}],"wp:attachment":[{"href":"https:\/\/murter-online.com\/de\/wp-json\/wp\/v2\/media?parent=52710"}],"wp:term":[{"taxonomy":"product_brand","embeddable":true,"href":"https:\/\/murter-online.com\/de\/wp-json\/wp\/v2\/product_brand?post=52710"},{"taxonomy":"product_cat","embeddable":true,"href":"https:\/\/murter-online.com\/de\/wp-json\/wp\/v2\/product_cat?post=52710"},{"taxonomy":"product_tag","embeddable":true,"href":"https:\/\/murter-online.com\/de\/wp-json\/wp\/v2\/product_tag?post=52710"}],"curies":[{"name":"wp","href":"https:\/\/api.w.org\/{rel}","templated":true}]}}