{"id":52718,"date":"2025-01-09T20:38:38","date_gmt":"2025-01-09T20:38:38","guid":{"rendered":"https:\/\/murter.riot.hr\/?post_type=product&#038;p=52718"},"modified":"2025-04-20T21:01:02","modified_gmt":"2025-04-20T20:01:02","slug":"ferienwohnung-house-pool-podvrske-murter-3-a42","status":"publish","type":"product","link":"https:\/\/murter-online.com\/de\/produkt\/ferienwohnung-house-pool-podvrske-murter-3-a42\/","title":{"rendered":"Mobilheime mit pool und mit bootsliegeplatz Murter Strand Podvr\u0161ke 3 A4+2"},"content":{"rendered":"","protected":false},"excerpt":{"rendered":"<p>Neue Wohnung befindet sich in einer ausgezeichneten Lage nur 200m. weit vom Meer entfernt. Das Apartment ist mit Fernseher, Klimaanlage, Satellitenempf\u00e4nger, Geschirrsp\u00fcler und kostenlosem WLAN ausgestattet. Die Wohnung verf\u00fcgt \u00fcber zwei Badezimmer mit Dusche. Es gibt ein Wohnzimmer, in dem man schlafen kann. Die Wohnfl\u00e4che betr\u00e4gt 35 m2. und der Balkon \/ die Terrasse ist 20 m2 gro\u00df. Es gibt zwei Schlafzimmer, in denen 4 Erwachsene schlafen k\u00f6nnen. Die Wohnung befindet sich im Erdgeschoss. Haustiere &#8211; nicht erlaubt. Die Wohnung verf\u00fcgt \u00fcber einen eigenen kostenlosen Parkplatz. Die Wohnung verf\u00fcgt \u00fcber eine eigene Anlegestelle f\u00fcr das Boot &#8211; die m\u00f6glicherweise extra berechnet wird. Es gibt einen offenen Grill. Die Wohnung ist 700m. weit vom Zentrum entfernt und ca. 200m. weit weg vom Meer oder ersten Strand in Murter.<\/p>\n","protected":false},"featured_media":41214,"template":"","meta":{"_acf_changed":false},"product_brand":[],"product_cat":[144,130,145,143,150],"product_tag":[],"class_list":{"0":"post-52718","1":"product","2":"type-product","3":"status-publish","4":"has-post-thumbnail","6":"product_cat-familien-ferienwohnung","7":"product_cat-ferienwohnungen","8":"product_cat-ferienwohnungen-mit-bootsliegeplatz","9":"product_cat-ferienwohnungen-mit-pool","10":"product_cat-mobilheim","12":"first","13":"instock","14":"sold-individually","15":"shipping-taxable","16":"purchasable","17":"product-type-phive_booking"},"acf":[],"_links":{"self":[{"href":"https:\/\/murter-online.com\/de\/wp-json\/wp\/v2\/product\/52718","targetHints":{"allow":["GET"]}}],"collection":[{"href":"https:\/\/murter-online.com\/de\/wp-json\/wp\/v2\/product"}],"about":[{"href":"https:\/\/murter-online.com\/de\/wp-json\/wp\/v2\/types\/product"}],"wp:featuredmedia":[{"embeddable":true,"href":"https:\/\/murter-online.com\/de\/wp-json\/wp\/v2\/media\/41214"}],"wp:attachment":[{"href":"https:\/\/murter-online.com\/de\/wp-json\/wp\/v2\/media?parent=52718"}],"wp:term":[{"taxonomy":"product_brand","embeddable":true,"href":"https:\/\/murter-online.com\/de\/wp-json\/wp\/v2\/product_brand?post=52718"},{"taxonomy":"product_cat","embeddable":true,"href":"https:\/\/murter-online.com\/de\/wp-json\/wp\/v2\/product_cat?post=52718"},{"taxonomy":"product_tag","embeddable":true,"href":"https:\/\/murter-online.com\/de\/wp-json\/wp\/v2\/product_tag?post=52718"}],"curies":[{"name":"wp","href":"https:\/\/api.w.org\/{rel}","templated":true}]}}