{"id":52732,"date":"2025-01-09T20:57:37","date_gmt":"2025-01-09T20:57:37","guid":{"rendered":"https:\/\/murter.riot.hr\/?post_type=product&#038;p=52732"},"modified":"2025-01-29T10:33:53","modified_gmt":"2025-01-29T10:33:53","slug":"wohnung-im-alten-teil-von-murter-a41","status":"publish","type":"product","link":"https:\/\/murter-online.com\/de\/produkt\/wohnung-im-alten-teil-von-murter-a41\/","title":{"rendered":"Wohnung im alten Teil von Murter A4+1"},"content":{"rendered":"","protected":false},"excerpt":{"rendered":"<p>Die Wohnung befindet sich im alten Teil von Murter. Die Wohnung verf\u00fcgt \u00fcber zwei Schlafzimmer, in denen 4 Erwachsene schlafen k\u00f6nnen. Im Wohnzimmer befindet sich eine Couch (Zustellbett), die zum Schlafen genutzt werden kann. Die Wohnung hat keinen Balkon oder Terrasse. Die Wohnung ist mit Wi-Fi Internet, Klimaanlage, Geschirrsp\u00fcler, Waschmaschine ausgestattet. Die Wohnung verf\u00fcgt \u00fcber zwei kostenlose Parkpl\u00e4tze.<\/p>\n","protected":false},"featured_media":41778,"template":"","meta":{"_acf_changed":false},"product_brand":[],"product_cat":[144,130],"product_tag":[],"class_list":{"0":"post-52732","1":"product","2":"type-product","3":"status-publish","4":"has-post-thumbnail","6":"product_cat-familien-ferienwohnung","7":"product_cat-ferienwohnungen","9":"first","10":"instock","11":"sold-individually","12":"shipping-taxable","13":"purchasable","14":"product-type-phive_booking"},"acf":[],"_links":{"self":[{"href":"https:\/\/murter-online.com\/de\/wp-json\/wp\/v2\/product\/52732","targetHints":{"allow":["GET"]}}],"collection":[{"href":"https:\/\/murter-online.com\/de\/wp-json\/wp\/v2\/product"}],"about":[{"href":"https:\/\/murter-online.com\/de\/wp-json\/wp\/v2\/types\/product"}],"wp:featuredmedia":[{"embeddable":true,"href":"https:\/\/murter-online.com\/de\/wp-json\/wp\/v2\/media\/41778"}],"wp:attachment":[{"href":"https:\/\/murter-online.com\/de\/wp-json\/wp\/v2\/media?parent=52732"}],"wp:term":[{"taxonomy":"product_brand","embeddable":true,"href":"https:\/\/murter-online.com\/de\/wp-json\/wp\/v2\/product_brand?post=52732"},{"taxonomy":"product_cat","embeddable":true,"href":"https:\/\/murter-online.com\/de\/wp-json\/wp\/v2\/product_cat?post=52732"},{"taxonomy":"product_tag","embeddable":true,"href":"https:\/\/murter-online.com\/de\/wp-json\/wp\/v2\/product_tag?post=52732"}],"curies":[{"name":"wp","href":"https:\/\/api.w.org\/{rel}","templated":true}]}}