{"id":52740,"date":"2025-01-09T21:35:59","date_gmt":"2025-01-09T21:35:59","guid":{"rendered":"https:\/\/murter.riot.hr\/?post_type=product&#038;p=52740"},"modified":"2025-04-13T07:40:34","modified_gmt":"2025-04-13T06:40:34","slug":"ferienwohnung-jezera-center-meerblick-a41-id-141","status":"publish","type":"product","link":"https:\/\/murter-online.com\/de\/produkt\/ferienwohnung-jezera-center-meerblick-a41-id-141\/","title":{"rendered":"Ferienwohnung Murter direkt am meer Jezera A4+1 ID 141"},"content":{"rendered":"","protected":false},"excerpt":{"rendered":"<p>Die Wohnung befindet sich in Jezera auf der Insel Murter. Die Wohnung hat Meerblick! Die Wohnung befindet sich in der N\u00e4he des \u00f6rtlichen Strandes Zarati\u0107! Die Wohnung hat einen Liegeplatz f\u00fcr ein Boot. Es gibt 2 Schlafzimmer, in denen 4 Personen schlafen k\u00f6nnen. Es gibt ein Wohnzimmer, das zum Schlafen genutzt werden kann. Es gibt ein Schlafsofa f\u00fcr 1 Person. Die K\u00fcche ist komplett ausgestattet.<\/p>\n","protected":false},"featured_media":41934,"template":"","meta":{"_acf_changed":false},"product_brand":[],"product_cat":[130,145,142],"product_tag":[],"class_list":{"0":"post-52740","1":"product","2":"type-product","3":"status-publish","4":"has-post-thumbnail","6":"product_cat-ferienwohnungen","7":"product_cat-ferienwohnungen-mit-bootsliegeplatz","8":"product_cat-ferienwohnungen-mit-meerblick","10":"first","11":"instock","12":"sold-individually","13":"shipping-taxable","14":"purchasable","15":"product-type-phive_booking"},"acf":[],"_links":{"self":[{"href":"https:\/\/murter-online.com\/de\/wp-json\/wp\/v2\/product\/52740","targetHints":{"allow":["GET"]}}],"collection":[{"href":"https:\/\/murter-online.com\/de\/wp-json\/wp\/v2\/product"}],"about":[{"href":"https:\/\/murter-online.com\/de\/wp-json\/wp\/v2\/types\/product"}],"wp:featuredmedia":[{"embeddable":true,"href":"https:\/\/murter-online.com\/de\/wp-json\/wp\/v2\/media\/41934"}],"wp:attachment":[{"href":"https:\/\/murter-online.com\/de\/wp-json\/wp\/v2\/media?parent=52740"}],"wp:term":[{"taxonomy":"product_brand","embeddable":true,"href":"https:\/\/murter-online.com\/de\/wp-json\/wp\/v2\/product_brand?post=52740"},{"taxonomy":"product_cat","embeddable":true,"href":"https:\/\/murter-online.com\/de\/wp-json\/wp\/v2\/product_cat?post=52740"},{"taxonomy":"product_tag","embeddable":true,"href":"https:\/\/murter-online.com\/de\/wp-json\/wp\/v2\/product_tag?post=52740"}],"curies":[{"name":"wp","href":"https:\/\/api.w.org\/{rel}","templated":true}]}}