{"id":52748,"date":"2025-01-09T21:47:40","date_gmt":"2025-01-09T21:47:40","guid":{"rendered":"https:\/\/murter.riot.hr\/?post_type=product&#038;p=52748"},"modified":"2025-04-13T08:11:49","modified_gmt":"2025-04-13T07:11:49","slug":"haus-josip-ferienwohnung-island-pearl-a41-id-67","status":"publish","type":"product","link":"https:\/\/murter-online.com\/de\/produkt\/haus-josip-ferienwohnung-island-pearl-a41-id-67\/","title":{"rendered":"Ferienwohnung f\u00fcr familien Josip Insel Murter A4+1 ID 67"},"content":{"rendered":"","protected":false},"excerpt":{"rendered":"<p>Das Apartment Josip Island Pearl A4 ID 67 befindet sich am Anfang der Fu\u00dfg\u00e4ngerzone in Richtung Sandstrand Slanica. Slanica ist nur 4 Gehminuten entfernt. In der N\u00e4he der Wohnung befindet sich auch der Stadtstrand Luke. Dieses moderne Apartment ist mit Klimaanlage, WLAN, Sat-TV, Waschmaschine, Geschirrsp\u00fcler und anderen K\u00fcchenger\u00e4ten ausgestattet. Die Wohnung verf\u00fcgt \u00fcber einen Balkon, von dem aus Sie den Meerblick genie\u00dfen k\u00f6nnen. Endreinigung, Bettw\u00e4sche und Handt\u00fccher sind im Preis inbegriffen.<\/p>\n","protected":false},"featured_media":42330,"template":"","meta":{"_acf_changed":false},"product_brand":[],"product_cat":[144,130,142],"product_tag":[],"class_list":{"0":"post-52748","1":"product","2":"type-product","3":"status-publish","4":"has-post-thumbnail","6":"product_cat-familien-ferienwohnung","7":"product_cat-ferienwohnungen","8":"product_cat-ferienwohnungen-mit-meerblick","10":"first","11":"instock","12":"sold-individually","13":"shipping-taxable","14":"purchasable","15":"product-type-phive_booking"},"acf":[],"_links":{"self":[{"href":"https:\/\/murter-online.com\/de\/wp-json\/wp\/v2\/product\/52748","targetHints":{"allow":["GET"]}}],"collection":[{"href":"https:\/\/murter-online.com\/de\/wp-json\/wp\/v2\/product"}],"about":[{"href":"https:\/\/murter-online.com\/de\/wp-json\/wp\/v2\/types\/product"}],"wp:featuredmedia":[{"embeddable":true,"href":"https:\/\/murter-online.com\/de\/wp-json\/wp\/v2\/media\/42330"}],"wp:attachment":[{"href":"https:\/\/murter-online.com\/de\/wp-json\/wp\/v2\/media?parent=52748"}],"wp:term":[{"taxonomy":"product_brand","embeddable":true,"href":"https:\/\/murter-online.com\/de\/wp-json\/wp\/v2\/product_brand?post=52748"},{"taxonomy":"product_cat","embeddable":true,"href":"https:\/\/murter-online.com\/de\/wp-json\/wp\/v2\/product_cat?post=52748"},{"taxonomy":"product_tag","embeddable":true,"href":"https:\/\/murter-online.com\/de\/wp-json\/wp\/v2\/product_tag?post=52748"}],"curies":[{"name":"wp","href":"https:\/\/api.w.org\/{rel}","templated":true}]}}