{"id":52769,"date":"2025-01-12T08:46:15","date_gmt":"2025-01-12T08:46:15","guid":{"rendered":"https:\/\/murter.riot.hr\/?post_type=product&#038;p=52769"},"modified":"2025-04-26T08:02:55","modified_gmt":"2025-04-26T07:02:55","slug":"ferienwohnung-luke-beach-flower-a41","status":"publish","type":"product","link":"https:\/\/murter-online.com\/de\/produkt\/ferienwohnung-luke-beach-flower-a41\/","title":{"rendered":"Ferienwohnung f\u00fcr familien Luke Beach Flower Murter A4+1"},"content":{"rendered":"","protected":false},"excerpt":{"rendered":"<p>Die Wohnung befindet sich in einer gro\u00dfartigen Lage! Die Wohnung ist f\u00fcr Familien mit Kindern geeignet, voll ausgestattet, befindet sich im Erdgeschoss mit einem eingez\u00e4unten Hof. Die Wohnung befindet sich 250 m vom Stadtstrand Luke, 350 m vom Sandstrand Slanica und 10 Gehminuten vom Zentrum von Murter entfernt. Die Wohnung verf\u00fcgt \u00fcber zwei Schlafzimmer f\u00fcr 4 Personen und ein Zustellbett im Wohnzimmer.<\/p>\n","protected":false},"featured_media":45110,"template":"","meta":{"_acf_changed":false},"product_brand":[],"product_cat":[144,130],"product_tag":[],"class_list":{"0":"post-52769","1":"product","2":"type-product","3":"status-publish","4":"has-post-thumbnail","6":"product_cat-familien-ferienwohnung","7":"product_cat-ferienwohnungen","9":"first","10":"instock","11":"sold-individually","12":"shipping-taxable","13":"purchasable","14":"product-type-phive_booking"},"acf":[],"_links":{"self":[{"href":"https:\/\/murter-online.com\/de\/wp-json\/wp\/v2\/product\/52769","targetHints":{"allow":["GET"]}}],"collection":[{"href":"https:\/\/murter-online.com\/de\/wp-json\/wp\/v2\/product"}],"about":[{"href":"https:\/\/murter-online.com\/de\/wp-json\/wp\/v2\/types\/product"}],"wp:featuredmedia":[{"embeddable":true,"href":"https:\/\/murter-online.com\/de\/wp-json\/wp\/v2\/media\/45110"}],"wp:attachment":[{"href":"https:\/\/murter-online.com\/de\/wp-json\/wp\/v2\/media?parent=52769"}],"wp:term":[{"taxonomy":"product_brand","embeddable":true,"href":"https:\/\/murter-online.com\/de\/wp-json\/wp\/v2\/product_brand?post=52769"},{"taxonomy":"product_cat","embeddable":true,"href":"https:\/\/murter-online.com\/de\/wp-json\/wp\/v2\/product_cat?post=52769"},{"taxonomy":"product_tag","embeddable":true,"href":"https:\/\/murter-online.com\/de\/wp-json\/wp\/v2\/product_tag?post=52769"}],"curies":[{"name":"wp","href":"https:\/\/api.w.org\/{rel}","templated":true}]}}