{"id":52777,"date":"2025-01-12T08:48:15","date_gmt":"2025-01-12T08:48:15","guid":{"rendered":"https:\/\/murter.riot.hr\/?post_type=product&#038;p=52777"},"modified":"2025-04-26T08:18:20","modified_gmt":"2025-04-26T07:18:20","slug":"ferienwohnung-luke-beach-murter-a41-id-133","status":"publish","type":"product","link":"https:\/\/murter-online.com\/de\/produkt\/ferienwohnung-luke-beach-murter-a41-id-133\/","title":{"rendered":"Ferienwohnung f\u00fcr familien Strand Luke Barbara Murter A4+1 ID 133"},"content":{"rendered":"","protected":false},"excerpt":{"rendered":"<p>Die Wohnung befindet sich in ausgezeichneter Lage, nur 70 Meter vom Meer entfernt. Die Wohnung hat eine Fl\u00e4che von 65 m2. Es hat zwei Schlafzimmer, in denen 5 Erwachsene schlafen k\u00f6nnen. Es hat ein Wohnzimmer. Es hat ein Zustellbett f\u00fcr eine Person. Es hat ein Badezimmer mit Dusche. Balkon \/ Terrasse ist 20 m2. Die Wohnung befindet sich im ersten Stock. Die Wohnung ist mit Backofen, Klimaanlage und Sat-TV ausgestattet. Das Parken ist vorhanden und im Preis inbegriffen. Es gibt einen Au\u00dfengrill, der benutzt werden kann. Haustiere sind gegen Aufpreis erlaubt.<\/p>\n","protected":false},"featured_media":45186,"template":"","meta":{"_acf_changed":false},"product_brand":[],"product_cat":[144,130],"product_tag":[],"class_list":{"0":"post-52777","1":"product","2":"type-product","3":"status-publish","4":"has-post-thumbnail","6":"product_cat-familien-ferienwohnung","7":"product_cat-ferienwohnungen","9":"first","10":"instock","11":"sold-individually","12":"shipping-taxable","13":"purchasable","14":"product-type-phive_booking"},"acf":[],"_links":{"self":[{"href":"https:\/\/murter-online.com\/de\/wp-json\/wp\/v2\/product\/52777","targetHints":{"allow":["GET"]}}],"collection":[{"href":"https:\/\/murter-online.com\/de\/wp-json\/wp\/v2\/product"}],"about":[{"href":"https:\/\/murter-online.com\/de\/wp-json\/wp\/v2\/types\/product"}],"wp:featuredmedia":[{"embeddable":true,"href":"https:\/\/murter-online.com\/de\/wp-json\/wp\/v2\/media\/45186"}],"wp:attachment":[{"href":"https:\/\/murter-online.com\/de\/wp-json\/wp\/v2\/media?parent=52777"}],"wp:term":[{"taxonomy":"product_brand","embeddable":true,"href":"https:\/\/murter-online.com\/de\/wp-json\/wp\/v2\/product_brand?post=52777"},{"taxonomy":"product_cat","embeddable":true,"href":"https:\/\/murter-online.com\/de\/wp-json\/wp\/v2\/product_cat?post=52777"},{"taxonomy":"product_tag","embeddable":true,"href":"https:\/\/murter-online.com\/de\/wp-json\/wp\/v2\/product_tag?post=52777"}],"curies":[{"name":"wp","href":"https:\/\/api.w.org\/{rel}","templated":true}]}}