{"id":52782,"date":"2025-01-12T08:54:05","date_gmt":"2025-01-12T08:54:05","guid":{"rendered":"https:\/\/murter.riot.hr\/?post_type=product&#038;p=52782"},"modified":"2025-04-14T09:10:07","modified_gmt":"2025-04-14T08:10:07","slug":"ferienwohnung-luke-beachfront-murter-a41-id-152","status":"publish","type":"product","link":"https:\/\/murter-online.com\/de\/produkt\/ferienwohnung-luke-beachfront-murter-a41-id-152\/","title":{"rendered":"Ferienwohnung Murter direkt am Meer Strand Luke A4+1 ID 152"},"content":{"rendered":"","protected":false},"excerpt":{"rendered":"<div align=\"center\">\n<div class=\"max_width\" align=\"left\">\n<div>\n<div>Die Wohnung befindet sich in ausgezeichneter Lage, direkt am Stadtstrand Luke. Aufgrund der hervorragenden Lage und der N\u00e4he zum Strand sind Gesch\u00e4fte, Spielplatz und Zentrum f\u00fcr Familien mit Kindern geeignet. Die Wohnung hat eine Fl\u00e4che von 65 m2. Es hat zwei Schlafzimmer, in denen 4 Erwachsene schlafen k\u00f6nnen. Es hat ein Wohnzimmer, das zum Schlafen genutzt werden kann &#8211; Es hat ein Zustellbett f\u00fcr eine Person. Es hat ein Badezimmer mit Dusche. Die Terrassenfl\u00e4che betr\u00e4gt 40 m2. Die Wohnung befindet sich im ersten Stock. Die Wohnung ist mit TV, Klimaanlage ausgestattet. Das Parken ist vorhanden und im Preis inbegriffen. Haustiere auf Anfrage.<\/div>\n<\/div>\n<\/div>\n<\/div>\n<div align=\"center\"><\/div>\n","protected":false},"featured_media":45274,"template":"","meta":{"_acf_changed":false},"product_brand":[],"product_cat":[144,130,142],"product_tag":[],"class_list":{"0":"post-52782","1":"product","2":"type-product","3":"status-publish","4":"has-post-thumbnail","6":"product_cat-familien-ferienwohnung","7":"product_cat-ferienwohnungen","8":"product_cat-ferienwohnungen-mit-meerblick","10":"first","11":"instock","12":"sold-individually","13":"shipping-taxable","14":"purchasable","15":"product-type-phive_booking"},"acf":[],"_links":{"self":[{"href":"https:\/\/murter-online.com\/de\/wp-json\/wp\/v2\/product\/52782","targetHints":{"allow":["GET"]}}],"collection":[{"href":"https:\/\/murter-online.com\/de\/wp-json\/wp\/v2\/product"}],"about":[{"href":"https:\/\/murter-online.com\/de\/wp-json\/wp\/v2\/types\/product"}],"wp:featuredmedia":[{"embeddable":true,"href":"https:\/\/murter-online.com\/de\/wp-json\/wp\/v2\/media\/45274"}],"wp:attachment":[{"href":"https:\/\/murter-online.com\/de\/wp-json\/wp\/v2\/media?parent=52782"}],"wp:term":[{"taxonomy":"product_brand","embeddable":true,"href":"https:\/\/murter-online.com\/de\/wp-json\/wp\/v2\/product_brand?post=52782"},{"taxonomy":"product_cat","embeddable":true,"href":"https:\/\/murter-online.com\/de\/wp-json\/wp\/v2\/product_cat?post=52782"},{"taxonomy":"product_tag","embeddable":true,"href":"https:\/\/murter-online.com\/de\/wp-json\/wp\/v2\/product_tag?post=52782"}],"curies":[{"name":"wp","href":"https:\/\/api.w.org\/{rel}","templated":true}]}}