{"id":52800,"date":"2025-01-12T09:03:57","date_gmt":"2025-01-12T09:03:57","guid":{"rendered":"https:\/\/murter.riot.hr\/?post_type=product&#038;p=52800"},"modified":"2025-04-26T08:48:34","modified_gmt":"2025-04-26T07:48:34","slug":"haus-marija-ferienwohnung-sea-luke-a41-id-77","status":"publish","type":"product","link":"https:\/\/murter-online.com\/de\/produkt\/haus-marija-ferienwohnung-sea-luke-a41-id-77\/","title":{"rendered":"Ferienwohnung f\u00fcr 4 personen Strand Luke Marija Murter A4+1 ID 77"},"content":{"rendered":"","protected":false},"excerpt":{"rendered":"<p>Das Apartment Marija Sea Luke befindet sich nur wenige Meter vom Strand Luke entfernt in ruhiger Lage. In der N\u00e4he befinden sich Caf\u00e9s, ein Restaurant und ein Gesch\u00e4ft. Es ist 10 Gehminuten vom Zentrum entfernt. Die Wohnung besteht aus zwei Schlafzimmern, Bad und K\u00fcche sowie Wohnzimmer. Es verf\u00fcgt \u00fcber kostenfreies WLAN und eine Klimaanlage. <span class=\"Y2IQFc\" lang=\"de\">Handt\u00fccher, Bettw\u00e4sche und Kurtaxe sind im Preis inbegriffen. Die Endreinigung betr\u00e4gt 50 Euro.<\/span><\/p>\n","protected":false},"featured_media":45538,"template":"","meta":{"_acf_changed":false},"product_brand":[],"product_cat":[144,130],"product_tag":[],"class_list":{"0":"post-52800","1":"product","2":"type-product","3":"status-publish","4":"has-post-thumbnail","6":"product_cat-familien-ferienwohnung","7":"product_cat-ferienwohnungen","9":"first","10":"instock","11":"sold-individually","12":"shipping-taxable","13":"purchasable","14":"product-type-phive_booking"},"acf":[],"_links":{"self":[{"href":"https:\/\/murter-online.com\/de\/wp-json\/wp\/v2\/product\/52800","targetHints":{"allow":["GET"]}}],"collection":[{"href":"https:\/\/murter-online.com\/de\/wp-json\/wp\/v2\/product"}],"about":[{"href":"https:\/\/murter-online.com\/de\/wp-json\/wp\/v2\/types\/product"}],"wp:featuredmedia":[{"embeddable":true,"href":"https:\/\/murter-online.com\/de\/wp-json\/wp\/v2\/media\/45538"}],"wp:attachment":[{"href":"https:\/\/murter-online.com\/de\/wp-json\/wp\/v2\/media?parent=52800"}],"wp:term":[{"taxonomy":"product_brand","embeddable":true,"href":"https:\/\/murter-online.com\/de\/wp-json\/wp\/v2\/product_brand?post=52800"},{"taxonomy":"product_cat","embeddable":true,"href":"https:\/\/murter-online.com\/de\/wp-json\/wp\/v2\/product_cat?post=52800"},{"taxonomy":"product_tag","embeddable":true,"href":"https:\/\/murter-online.com\/de\/wp-json\/wp\/v2\/product_tag?post=52800"}],"curies":[{"name":"wp","href":"https:\/\/api.w.org\/{rel}","templated":true}]}}