{"id":52804,"date":"2025-01-12T09:07:33","date_gmt":"2025-01-12T09:07:33","guid":{"rendered":"https:\/\/murter.riot.hr\/?post_type=product&#038;p=52804"},"modified":"2025-03-16T20:08:11","modified_gmt":"2025-03-16T19:08:11","slug":"ferienwohnung-marija-sea-view-luke-a41-id-124","status":"publish","type":"product","link":"https:\/\/murter-online.com\/de\/produkt\/ferienwohnung-marija-sea-view-luke-a41-id-124\/","title":{"rendered":"Ferienwohnung Marija Sea View Luke A4+1 ID 124"},"content":{"rendered":"","protected":false},"excerpt":{"rendered":"<div align=\"center\">\n<div class=\"max_width\" align=\"left\">Ferienwohnung Mare A4 Luke beach befindet sich in ausgezeichnete Lage, nur 70m. vom Meer entfernt. Die Ferienwohnung hat eine Fl\u00e4che von 60 m2. Diese Ferienwohnung verf\u00fcgt \u00fcber zwei Schlafzimmern wo 4 Erwachsene schlafen k\u00f6nnen. Es gibt ein Zustellbett f\u00fcr zwei Personen. Es gibt einen kostenlosen Parkplatz. Es gibt eine Badezimmer mit Dusche . Die Ferienwohnung Zur Verf\u00fcgung steht auch ein Grillplatz. ist ausgestattet mit Fernseher, Klimaanlage. Balkon\/Terrasse ist 2 m2 gro\u00df. , hat ein Wohnzimmer, die zum Schlafen genutzt werden kann. Liegt im ersten Stock.Die FeWo ist 300m. weit vom Zentrum und ca. 70m. weit vom Meer oder dem ersten Strand in Murter. <span style=\"font-family: Consolas, Monaco, monospace;\">Handt\u00fccher, Bettw\u00e4sche und Kurtaxe sind im Preis inbegriffen. Die Endreinigung betr\u00e4gt 50 Euro.<\/span><\/div>\n<\/div>\n<div align=\"center\"><\/div>\n","protected":false},"featured_media":45598,"template":"","meta":{"_acf_changed":false},"product_brand":[],"product_cat":[144,130],"product_tag":[],"class_list":{"0":"post-52804","1":"product","2":"type-product","3":"status-publish","4":"has-post-thumbnail","6":"product_cat-familien-ferienwohnung","7":"product_cat-ferienwohnungen","9":"first","10":"instock","11":"sold-individually","12":"shipping-taxable","13":"purchasable","14":"product-type-phive_booking"},"acf":[],"_links":{"self":[{"href":"https:\/\/murter-online.com\/de\/wp-json\/wp\/v2\/product\/52804","targetHints":{"allow":["GET"]}}],"collection":[{"href":"https:\/\/murter-online.com\/de\/wp-json\/wp\/v2\/product"}],"about":[{"href":"https:\/\/murter-online.com\/de\/wp-json\/wp\/v2\/types\/product"}],"wp:featuredmedia":[{"embeddable":true,"href":"https:\/\/murter-online.com\/de\/wp-json\/wp\/v2\/media\/45598"}],"wp:attachment":[{"href":"https:\/\/murter-online.com\/de\/wp-json\/wp\/v2\/media?parent=52804"}],"wp:term":[{"taxonomy":"product_brand","embeddable":true,"href":"https:\/\/murter-online.com\/de\/wp-json\/wp\/v2\/product_brand?post=52804"},{"taxonomy":"product_cat","embeddable":true,"href":"https:\/\/murter-online.com\/de\/wp-json\/wp\/v2\/product_cat?post=52804"},{"taxonomy":"product_tag","embeddable":true,"href":"https:\/\/murter-online.com\/de\/wp-json\/wp\/v2\/product_tag?post=52804"}],"curies":[{"name":"wp","href":"https:\/\/api.w.org\/{rel}","templated":true}]}}