{"id":52809,"date":"2025-01-12T09:11:07","date_gmt":"2025-01-12T09:11:07","guid":{"rendered":"https:\/\/murter.riot.hr\/?post_type=product&#038;p=52809"},"modified":"2025-05-01T08:11:46","modified_gmt":"2025-05-01T07:11:46","slug":"ferienwohnungen-marina-murter-41-id-21","status":"publish","type":"product","link":"https:\/\/murter-online.com\/de\/produkt\/ferienwohnungen-marina-murter-41-id-21\/","title":{"rendered":"Ferienwohnung f\u00fcr familien Marina Murter 4+1 ID 21"},"content":{"rendered":"","protected":false},"excerpt":{"rendered":"<p>Ferienwohnung Marina Murter 4+1 mit ein sch\u00f6nen Meerblick befindet sich in ausgezeichnete Lage, nur 180m. vom Meer entfernt. Die Ferienwohnung hat eine Fl\u00e4che von 60 m2. Diese Ferienwohnung verf\u00fcgt \u00fcber zwei Schlafzimmern wo 4 Erwachsene schlafen k\u00f6nnen. Es gibt ein Zustellbett f\u00fcr eine Person. Es gibt einen kostenlosen Parkplatz. Es gibt eine Badezimmer mit Dusche . Die Ferienwohnung ist ausgestattet mit Fernseher, Klimaanlage, Satellitenanschluss, Sp\u00fclmaschine, Backofen, kostenlosen WiFi Internetanschluss, Waschmaschine ausgestattet. Balkon\/Terrasse ist 10 m2 gro\u00df. , hat ein Wohnzimmer, die zum Schlafen genutzt werden kann. Liegt im ersten Stock. Haustiere &#8211; nicht gestattet. Die FeWo ist 400m. weit vom Zentrum und ca. 180m. weit vom Meer oder dem ersten Strand in Murter.<\/p>\n","protected":false},"featured_media":45698,"template":"","meta":{"_acf_changed":false},"product_brand":[],"product_cat":[144,130],"product_tag":[],"class_list":{"0":"post-52809","1":"product","2":"type-product","3":"status-publish","4":"has-post-thumbnail","6":"product_cat-familien-ferienwohnung","7":"product_cat-ferienwohnungen","9":"first","10":"instock","11":"sold-individually","12":"shipping-taxable","13":"purchasable","14":"product-type-phive_booking"},"acf":[],"_links":{"self":[{"href":"https:\/\/murter-online.com\/de\/wp-json\/wp\/v2\/product\/52809","targetHints":{"allow":["GET"]}}],"collection":[{"href":"https:\/\/murter-online.com\/de\/wp-json\/wp\/v2\/product"}],"about":[{"href":"https:\/\/murter-online.com\/de\/wp-json\/wp\/v2\/types\/product"}],"wp:featuredmedia":[{"embeddable":true,"href":"https:\/\/murter-online.com\/de\/wp-json\/wp\/v2\/media\/45698"}],"wp:attachment":[{"href":"https:\/\/murter-online.com\/de\/wp-json\/wp\/v2\/media?parent=52809"}],"wp:term":[{"taxonomy":"product_brand","embeddable":true,"href":"https:\/\/murter-online.com\/de\/wp-json\/wp\/v2\/product_brand?post=52809"},{"taxonomy":"product_cat","embeddable":true,"href":"https:\/\/murter-online.com\/de\/wp-json\/wp\/v2\/product_cat?post=52809"},{"taxonomy":"product_tag","embeddable":true,"href":"https:\/\/murter-online.com\/de\/wp-json\/wp\/v2\/product_tag?post=52809"}],"curies":[{"name":"wp","href":"https:\/\/api.w.org\/{rel}","templated":true}]}}