{"id":52813,"date":"2025-01-12T09:14:23","date_gmt":"2025-01-12T09:14:23","guid":{"rendered":"https:\/\/murter.riot.hr\/?post_type=product&#038;p=52813"},"modified":"2025-04-13T09:46:30","modified_gmt":"2025-04-13T08:46:30","slug":"ferienwohnung-marina-murter-blue-view-a41-id-102","status":"publish","type":"product","link":"https:\/\/murter-online.com\/de\/produkt\/ferienwohnung-marina-murter-blue-view-a41-id-102\/","title":{"rendered":"Ferienwohnung Murter Meerblick Marina A4+1 ID 102"},"content":{"rendered":"","protected":false},"excerpt":{"rendered":"<p>Die Wohnung Leonarda Blue View A4 + 1 ID 102 befindet sich in der N\u00e4he des Zentrums. Es ist etwa 80 m vom n\u00e4chsten Kieselstrand entfernt. Die Wohnung verf\u00fcgt \u00fcber eine voll ausgestattete K\u00fcche, WLAN und SAT-TV. Die Wohnung befindet sich nur 50 m vom n\u00e4chsten Gesch\u00e4ft und Restaurant entfernt. Der Preis beinhaltet Reinigung, Handt\u00fccher und Bettw\u00e4sche.<\/p>\n","protected":false},"featured_media":45778,"template":"","meta":{"_acf_changed":false},"product_brand":[],"product_cat":[144,130,142],"product_tag":[],"class_list":{"0":"post-52813","1":"product","2":"type-product","3":"status-publish","4":"has-post-thumbnail","6":"product_cat-familien-ferienwohnung","7":"product_cat-ferienwohnungen","8":"product_cat-ferienwohnungen-mit-meerblick","10":"first","11":"instock","12":"sold-individually","13":"shipping-taxable","14":"purchasable","15":"product-type-phive_booking"},"acf":[],"_links":{"self":[{"href":"https:\/\/murter-online.com\/de\/wp-json\/wp\/v2\/product\/52813","targetHints":{"allow":["GET"]}}],"collection":[{"href":"https:\/\/murter-online.com\/de\/wp-json\/wp\/v2\/product"}],"about":[{"href":"https:\/\/murter-online.com\/de\/wp-json\/wp\/v2\/types\/product"}],"wp:featuredmedia":[{"embeddable":true,"href":"https:\/\/murter-online.com\/de\/wp-json\/wp\/v2\/media\/45778"}],"wp:attachment":[{"href":"https:\/\/murter-online.com\/de\/wp-json\/wp\/v2\/media?parent=52813"}],"wp:term":[{"taxonomy":"product_brand","embeddable":true,"href":"https:\/\/murter-online.com\/de\/wp-json\/wp\/v2\/product_brand?post=52813"},{"taxonomy":"product_cat","embeddable":true,"href":"https:\/\/murter-online.com\/de\/wp-json\/wp\/v2\/product_cat?post=52813"},{"taxonomy":"product_tag","embeddable":true,"href":"https:\/\/murter-online.com\/de\/wp-json\/wp\/v2\/product_tag?post=52813"}],"curies":[{"name":"wp","href":"https:\/\/api.w.org\/{rel}","templated":true}]}}