{"id":52819,"date":"2025-01-12T09:18:01","date_gmt":"2025-01-12T09:18:01","guid":{"rendered":"https:\/\/murter.riot.hr\/?post_type=product&#038;p=52819"},"modified":"2025-05-01T08:17:36","modified_gmt":"2025-05-01T07:17:36","slug":"ferienwohnung-marina-murter-colentum-a41","status":"publish","type":"product","link":"https:\/\/murter-online.com\/de\/produkt\/ferienwohnung-marina-murter-colentum-a41\/","title":{"rendered":"Ferienwohnung f\u00fcr familien Marina spiaggia Colentum Murter A4+1"},"content":{"rendered":"","protected":false},"excerpt":{"rendered":"<div align=\"center\">\n<div class=\"max_width\" align=\"left\">\n<div>\n<div>G\u00fcnstiges Familienappartement in Murter f\u00fcr max. 5 Personen! Die Wohnung befindet sich in einer gro\u00dfartigen Lage, nur 250 Meter vom \u00f6rtlichen Strand Zdra\u010de in Betina, 250 Meter vom Strand in der Marina Hramina und 400 Meter vom arch\u00e4ologischen Strand Colentum entfernt. Die Wohnung ist komplett ausgestattet, die Wohnung verf\u00fcgt \u00fcber eine Klimaanlage, kostenloses WLAN, Bettw\u00e4sche und Handt\u00fccher sind im Preis der Wohnung enthalten. Parkpl\u00e4tze sind im Hof \u200b\u200bder Wohnung vorhanden. Es gibt einen Au\u00dfengrill, der genutzt werden kann. Die Wohnung liegt 400 Meter vom Zentrum von Murter entfernt.<\/div>\n<\/div>\n<\/div>\n<\/div>\n<div align=\"center\"><\/div>\n","protected":false},"featured_media":45854,"template":"","meta":{"_acf_changed":false},"product_brand":[],"product_cat":[144,130],"product_tag":[],"class_list":{"0":"post-52819","1":"product","2":"type-product","3":"status-publish","4":"has-post-thumbnail","6":"product_cat-familien-ferienwohnung","7":"product_cat-ferienwohnungen","9":"first","10":"instock","11":"sold-individually","12":"shipping-taxable","13":"purchasable","14":"product-type-phive_booking"},"acf":[],"_links":{"self":[{"href":"https:\/\/murter-online.com\/de\/wp-json\/wp\/v2\/product\/52819","targetHints":{"allow":["GET"]}}],"collection":[{"href":"https:\/\/murter-online.com\/de\/wp-json\/wp\/v2\/product"}],"about":[{"href":"https:\/\/murter-online.com\/de\/wp-json\/wp\/v2\/types\/product"}],"wp:featuredmedia":[{"embeddable":true,"href":"https:\/\/murter-online.com\/de\/wp-json\/wp\/v2\/media\/45854"}],"wp:attachment":[{"href":"https:\/\/murter-online.com\/de\/wp-json\/wp\/v2\/media?parent=52819"}],"wp:term":[{"taxonomy":"product_brand","embeddable":true,"href":"https:\/\/murter-online.com\/de\/wp-json\/wp\/v2\/product_brand?post=52819"},{"taxonomy":"product_cat","embeddable":true,"href":"https:\/\/murter-online.com\/de\/wp-json\/wp\/v2\/product_cat?post=52819"},{"taxonomy":"product_tag","embeddable":true,"href":"https:\/\/murter-online.com\/de\/wp-json\/wp\/v2\/product_tag?post=52819"}],"curies":[{"name":"wp","href":"https:\/\/api.w.org\/{rel}","templated":true}]}}