{"id":52824,"date":"2025-01-12T09:46:13","date_gmt":"2025-01-12T09:46:13","guid":{"rendered":"https:\/\/murter.riot.hr\/?post_type=product&#038;p=52824"},"modified":"2025-05-01T08:50:38","modified_gmt":"2025-05-01T07:50:38","slug":"ferienwohnung-marina-murter-colentum-a42","status":"publish","type":"product","link":"https:\/\/murter-online.com\/de\/produkt\/ferienwohnung-marina-murter-colentum-a42\/","title":{"rendered":"Ferienwohnung f\u00fcr familien Marina Strand Colentum Murter A4+2"},"content":{"rendered":"","protected":false},"excerpt":{"rendered":"<p>Erschwingliche Familienwohnung in Murter f\u00fcr max. 6 Personen! Die Wohnung befindet sich in einer gro\u00dfartigen Lage, nur 250 Meter vom \u00f6rtlichen Strand Zdra\u010de in Betina, 250 Meter vom Strand in der Marina Hramina und 400 Meter vom arch\u00e4ologischen Strand Colentum entfernt. Die Wohnung ist komplett ausgestattet, die Wohnung verf\u00fcgt \u00fcber eine Klimaanlage, kostenloses WLAN, Geschirrsp\u00fcler, Waschmaschine, Bettw\u00e4sche und Handt\u00fccher sind im Preis der Wohnung enthalten. Das Parken ist im Hof \u200b\u200bder Wohnung zur Verf\u00fcgung gestellt. Es gibt einen Au\u00dfengrill, der benutzt werden kann. Die Wohnung ist 400 Meter vom Zentrum von Murter entfernt.<\/p>\n","protected":false},"featured_media":46458,"template":"","meta":{"_acf_changed":false},"product_brand":[],"product_cat":[144,130],"product_tag":[],"class_list":{"0":"post-52824","1":"product","2":"type-product","3":"status-publish","4":"has-post-thumbnail","6":"product_cat-familien-ferienwohnung","7":"product_cat-ferienwohnungen","9":"first","10":"instock","11":"sold-individually","12":"shipping-taxable","13":"purchasable","14":"product-type-phive_booking"},"acf":[],"_links":{"self":[{"href":"https:\/\/murter-online.com\/de\/wp-json\/wp\/v2\/product\/52824","targetHints":{"allow":["GET"]}}],"collection":[{"href":"https:\/\/murter-online.com\/de\/wp-json\/wp\/v2\/product"}],"about":[{"href":"https:\/\/murter-online.com\/de\/wp-json\/wp\/v2\/types\/product"}],"wp:featuredmedia":[{"embeddable":true,"href":"https:\/\/murter-online.com\/de\/wp-json\/wp\/v2\/media\/46458"}],"wp:attachment":[{"href":"https:\/\/murter-online.com\/de\/wp-json\/wp\/v2\/media?parent=52824"}],"wp:term":[{"taxonomy":"product_brand","embeddable":true,"href":"https:\/\/murter-online.com\/de\/wp-json\/wp\/v2\/product_brand?post=52824"},{"taxonomy":"product_cat","embeddable":true,"href":"https:\/\/murter-online.com\/de\/wp-json\/wp\/v2\/product_cat?post=52824"},{"taxonomy":"product_tag","embeddable":true,"href":"https:\/\/murter-online.com\/de\/wp-json\/wp\/v2\/product_tag?post=52824"}],"curies":[{"name":"wp","href":"https:\/\/api.w.org\/{rel}","templated":true}]}}