{"id":52834,"date":"2025-01-12T09:25:09","date_gmt":"2025-01-12T09:25:09","guid":{"rendered":"https:\/\/murter.riot.hr\/?post_type=product&#038;p=52834"},"modified":"2025-05-01T12:49:46","modified_gmt":"2025-05-01T11:49:46","slug":"ferienwohnungen-murter-bay-goranka-41-id-02","status":"publish","type":"product","link":"https:\/\/murter-online.com\/de\/produkt\/ferienwohnungen-murter-bay-goranka-41-id-02\/","title":{"rendered":"Ferienwohnung f\u00fcr familien Jelena Murter 4+1 ID 02"},"content":{"rendered":"","protected":false},"excerpt":{"rendered":"<div align=\"center\">\n<div class=\"max_width\" align=\"left\">\n<div>\n<div>Lage der Zimmer: Schlafzimmer mit Doppelbett: 2,Badezimmer mit Dusche und WC: 1,Terrassengr\u00f6\u00dfe: 12m2 Ausstattung der Unterkunft: Klimaanlage,Satellitenfernseher,Nema perilice rublja, K\u00fchlschrank,Herd,Fernseher,Heizung,Kaffeemaschine,Mikrowelle,Geschirrsp\u00fcler,Internet,Grill, Positions und Au\u00dfenbereich der Unterkunft: Blick auf die stille Stra\u00dfe,Gemeinsamer Eingang,Ersten Stock, Weitere Informationen : Anreise ab: 14sati,Abreise bis: 10sati, Haustiere nicht erlaubt,Rauchen nicht erlaubt, Im Preis inbegriffen : Bettw\u00e4schenwechsel w\u00f6chentlich,Handt\u00fccher,Koch- und Essgeschirr,Strom-, Wasser- und Gasverbrauch,Putzmittel und Zubeh\u00f6r,Toilletenpapier (nur bei Ankunft),Endrei<\/div>\n<\/div>\n<\/div>\n<\/div>\n<div align=\"center\"><\/div>\n","protected":false},"featured_media":45958,"template":"","meta":{"_acf_changed":false},"product_brand":[],"product_cat":[144,130],"product_tag":[],"class_list":{"0":"post-52834","1":"product","2":"type-product","3":"status-publish","4":"has-post-thumbnail","6":"product_cat-familien-ferienwohnung","7":"product_cat-ferienwohnungen","9":"first","10":"instock","11":"sold-individually","12":"shipping-taxable","13":"purchasable","14":"product-type-phive_booking"},"acf":[],"_links":{"self":[{"href":"https:\/\/murter-online.com\/de\/wp-json\/wp\/v2\/product\/52834","targetHints":{"allow":["GET"]}}],"collection":[{"href":"https:\/\/murter-online.com\/de\/wp-json\/wp\/v2\/product"}],"about":[{"href":"https:\/\/murter-online.com\/de\/wp-json\/wp\/v2\/types\/product"}],"wp:featuredmedia":[{"embeddable":true,"href":"https:\/\/murter-online.com\/de\/wp-json\/wp\/v2\/media\/45958"}],"wp:attachment":[{"href":"https:\/\/murter-online.com\/de\/wp-json\/wp\/v2\/media?parent=52834"}],"wp:term":[{"taxonomy":"product_brand","embeddable":true,"href":"https:\/\/murter-online.com\/de\/wp-json\/wp\/v2\/product_brand?post=52834"},{"taxonomy":"product_cat","embeddable":true,"href":"https:\/\/murter-online.com\/de\/wp-json\/wp\/v2\/product_cat?post=52834"},{"taxonomy":"product_tag","embeddable":true,"href":"https:\/\/murter-online.com\/de\/wp-json\/wp\/v2\/product_tag?post=52834"}],"curies":[{"name":"wp","href":"https:\/\/api.w.org\/{rel}","templated":true}]}}