{"id":52854,"date":"2025-01-12T09:37:21","date_gmt":"2025-01-12T09:37:21","guid":{"rendered":"https:\/\/murter.riot.hr\/?post_type=product&#038;p=52854"},"modified":"2025-04-13T13:21:12","modified_gmt":"2025-04-13T12:21:12","slug":"ferienwohnungen-murter-centar-42-id-20","status":"publish","type":"product","link":"https:\/\/murter-online.com\/de\/produkt\/ferienwohnungen-murter-centar-42-id-20\/","title":{"rendered":"Ferienwohnungen mit Meerblick Murter Centar 4+2 ID 20"},"content":{"rendered":"","protected":false},"excerpt":{"rendered":"<p>Ferienwohnung Center-Budget 4+2 befindet sich in ausgezeichnete Lage, nur 100m. vom Meer entfernt. Die Ferienwohnung hat eine Fl\u00e4che von 80 m2. Diese Ferienwohnung verf\u00fcgt \u00fcber zwei Schlafzimmern wo 4 Erwachsene schlafen k\u00f6nnen. Es gibt ein Zustellbett f\u00fcr zwei Personen. Es gibt einen kostenlosen Parkplatz. Es gibt eine Badezimmer mit Dusche . Die Ferienwohnung hat einen Bootsliegeplatz &#8211; denen kann ein Aufpreis berechnet werden. ist ausgestattet mit Fernseher, Klimaanlage, Sp\u00fclmaschine, Backofen. Balkon\/Terrasse ist 20 m2 gro\u00df. , hat ein Wohnzimmer, die zum Schlafen genutzt werden kann. Liegt im ersten Stock. Haustiere &#8211; nach Absprache. Die FeWo ist 100m. weit vom Zentrum und ca. 100m. weit vom Meer oder dem ersten Strand in Murter<\/p>\n","protected":false},"featured_media":46278,"template":"","meta":{"_acf_changed":false},"product_brand":[],"product_cat":[144,130,142],"product_tag":[],"class_list":{"0":"post-52854","1":"product","2":"type-product","3":"status-publish","4":"has-post-thumbnail","6":"product_cat-familien-ferienwohnung","7":"product_cat-ferienwohnungen","8":"product_cat-ferienwohnungen-mit-meerblick","10":"first","11":"instock","12":"sold-individually","13":"shipping-taxable","14":"purchasable","15":"product-type-phive_booking"},"acf":[],"_links":{"self":[{"href":"https:\/\/murter-online.com\/de\/wp-json\/wp\/v2\/product\/52854","targetHints":{"allow":["GET"]}}],"collection":[{"href":"https:\/\/murter-online.com\/de\/wp-json\/wp\/v2\/product"}],"about":[{"href":"https:\/\/murter-online.com\/de\/wp-json\/wp\/v2\/types\/product"}],"wp:featuredmedia":[{"embeddable":true,"href":"https:\/\/murter-online.com\/de\/wp-json\/wp\/v2\/media\/46278"}],"wp:attachment":[{"href":"https:\/\/murter-online.com\/de\/wp-json\/wp\/v2\/media?parent=52854"}],"wp:term":[{"taxonomy":"product_brand","embeddable":true,"href":"https:\/\/murter-online.com\/de\/wp-json\/wp\/v2\/product_brand?post=52854"},{"taxonomy":"product_cat","embeddable":true,"href":"https:\/\/murter-online.com\/de\/wp-json\/wp\/v2\/product_cat?post=52854"},{"taxonomy":"product_tag","embeddable":true,"href":"https:\/\/murter-online.com\/de\/wp-json\/wp\/v2\/product_tag?post=52854"}],"curies":[{"name":"wp","href":"https:\/\/api.w.org\/{rel}","templated":true}]}}