{"id":52860,"date":"2025-01-12T09:39:12","date_gmt":"2025-01-12T09:39:12","guid":{"rendered":"https:\/\/murter.riot.hr\/?post_type=product&#038;p=52860"},"modified":"2025-04-16T19:38:46","modified_gmt":"2025-04-16T18:38:46","slug":"ferienwohnung-murter-center-way-a41-id-65","status":"publish","type":"product","link":"https:\/\/murter-online.com\/de\/produkt\/ferienwohnung-murter-center-way-a41-id-65\/","title":{"rendered":"Ferienwohnung Murter Centrum A4+1 ID 65"},"content":{"rendered":"","protected":false},"excerpt":{"rendered":"<div><\/div>\n<div>Das Apartment Sea Pearl A4 + 1 ID 65 befindet sich in der N\u00e4he des Zentrums von Murter. Die Wohnung verf\u00fcgt \u00fcber einen Balkon, von dem aus Sie die Aussicht genie\u00dfen k\u00f6nnen. Die Standard-Suiten verf\u00fcgen \u00fcber ein Schlafsofa, Sat-TV und eine voll ausgestattete K\u00fcche. Kostenloses WLAN ist in jedem Apartment verf\u00fcgbar. Handt\u00fccher, Bettw\u00e4sche und Endreinigung sind im Preis inbegriffen.<\/div>\n","protected":false},"featured_media":46410,"template":"","meta":{"_acf_changed":false},"product_brand":[],"product_cat":[144,130,142],"product_tag":[],"class_list":{"0":"post-52860","1":"product","2":"type-product","3":"status-publish","4":"has-post-thumbnail","6":"product_cat-familien-ferienwohnung","7":"product_cat-ferienwohnungen","8":"product_cat-ferienwohnungen-mit-meerblick","10":"first","11":"instock","12":"sold-individually","13":"shipping-taxable","14":"purchasable","15":"product-type-phive_booking"},"acf":[],"_links":{"self":[{"href":"https:\/\/murter-online.com\/de\/wp-json\/wp\/v2\/product\/52860","targetHints":{"allow":["GET"]}}],"collection":[{"href":"https:\/\/murter-online.com\/de\/wp-json\/wp\/v2\/product"}],"about":[{"href":"https:\/\/murter-online.com\/de\/wp-json\/wp\/v2\/types\/product"}],"wp:featuredmedia":[{"embeddable":true,"href":"https:\/\/murter-online.com\/de\/wp-json\/wp\/v2\/media\/46410"}],"wp:attachment":[{"href":"https:\/\/murter-online.com\/de\/wp-json\/wp\/v2\/media?parent=52860"}],"wp:term":[{"taxonomy":"product_brand","embeddable":true,"href":"https:\/\/murter-online.com\/de\/wp-json\/wp\/v2\/product_brand?post=52860"},{"taxonomy":"product_cat","embeddable":true,"href":"https:\/\/murter-online.com\/de\/wp-json\/wp\/v2\/product_cat?post=52860"},{"taxonomy":"product_tag","embeddable":true,"href":"https:\/\/murter-online.com\/de\/wp-json\/wp\/v2\/product_tag?post=52860"}],"curies":[{"name":"wp","href":"https:\/\/api.w.org\/{rel}","templated":true}]}}