{"id":52868,"date":"2025-01-11T11:01:45","date_gmt":"2025-01-11T11:01:45","guid":{"rendered":"https:\/\/murter.riot.hr\/?post_type=product&#038;p=52868"},"modified":"2025-05-01T07:12:38","modified_gmt":"2025-05-01T06:12:38","slug":"ferienwohnung-murter-cigrada-beach-41-id-116","status":"publish","type":"product","link":"https:\/\/murter-online.com\/de\/produkt\/ferienwohnung-murter-cigrada-beach-41-id-116\/","title":{"rendered":"Ferienwohnung f\u00fcr familien Strand \u010cigra\u0111a Murter 4+1 ID 116"},"content":{"rendered":"","protected":false},"excerpt":{"rendered":"<p>Die Wohnung ist ca. 650 m vom Strand von \u010cigra\u0111a entfernt. Die Wohnung hat eine Fl\u00e4che von 55 m2. Es hat zwei Schlafzimmer, in denen 4 Erwachsene schlafen k\u00f6nnen. Es hat ein Wohnzimmer. Es hat ein Badezimmer mit Dusche. Balkon \/ Terrasse ist 6 m2. Die Wohnung befindet sich im ersten Stock. Die Wohnung ist mit TV, Klimaanlage, Backofen und kostenfreiem WLAN ausgestattet. Das Parken ist vorhanden und im Preis inbegriffen.<\/p>\n","protected":false},"featured_media":44634,"template":"","meta":{"_acf_changed":false},"product_brand":[],"product_cat":[144,130],"product_tag":[],"class_list":{"0":"post-52868","1":"product","2":"type-product","3":"status-publish","4":"has-post-thumbnail","6":"product_cat-familien-ferienwohnung","7":"product_cat-ferienwohnungen","9":"first","10":"instock","11":"sold-individually","12":"shipping-taxable","13":"purchasable","14":"product-type-phive_booking"},"acf":[],"_links":{"self":[{"href":"https:\/\/murter-online.com\/de\/wp-json\/wp\/v2\/product\/52868","targetHints":{"allow":["GET"]}}],"collection":[{"href":"https:\/\/murter-online.com\/de\/wp-json\/wp\/v2\/product"}],"about":[{"href":"https:\/\/murter-online.com\/de\/wp-json\/wp\/v2\/types\/product"}],"wp:featuredmedia":[{"embeddable":true,"href":"https:\/\/murter-online.com\/de\/wp-json\/wp\/v2\/media\/44634"}],"wp:attachment":[{"href":"https:\/\/murter-online.com\/de\/wp-json\/wp\/v2\/media?parent=52868"}],"wp:term":[{"taxonomy":"product_brand","embeddable":true,"href":"https:\/\/murter-online.com\/de\/wp-json\/wp\/v2\/product_brand?post=52868"},{"taxonomy":"product_cat","embeddable":true,"href":"https:\/\/murter-online.com\/de\/wp-json\/wp\/v2\/product_cat?post=52868"},{"taxonomy":"product_tag","embeddable":true,"href":"https:\/\/murter-online.com\/de\/wp-json\/wp\/v2\/product_tag?post=52868"}],"curies":[{"name":"wp","href":"https:\/\/api.w.org\/{rel}","templated":true}]}}