{"id":52877,"date":"2025-01-11T11:26:04","date_gmt":"2025-01-11T11:26:04","guid":{"rendered":"https:\/\/murter.riot.hr\/?post_type=product&#038;p=52877"},"modified":"2025-04-26T11:00:03","modified_gmt":"2025-04-26T10:00:03","slug":"ferienwohnung-murter-cozy-vibe-a41-id-149","status":"publish","type":"product","link":"https:\/\/murter-online.com\/de\/produkt\/ferienwohnung-murter-cozy-vibe-a41-id-149\/","title":{"rendered":"Ferienwohnung f\u00fcr familien Cozy Vibe Murter A4+1 ID 149"},"content":{"rendered":"","protected":false},"excerpt":{"rendered":"<p>Die Wohnung befindet sich in einer ausgezeichneten Lage, nur 300 Meter vom Meer entfernt. Die Wohnung hat eine Fl\u00e4che von 70 m2. Es hat zwei Schlafzimmer, in denen 4 Erwachsene schlafen k\u00f6nnen. Es hat ein Wohnzimmer. Es verf\u00fcgt \u00fcber ein Badezimmer mit Badewanne. Balkon \/ Terrasse ist 15 m2. Die Wohnung befindet sich im ersten Stock. Die Wohnung ist mit TV, Backofen ausgestattet. Das Parken ist vorhanden und im Preis inbegriffen. Es gibt einen Au\u00dfengrill, der benutzt werden kann. Die Wohnung ist ca. 300 m vom Zentrum und 300 m vom Meer oder dem ersten Strand in Murter entfernt. Haustiere auf Anfrage.<\/p>\n","protected":false},"featured_media":44806,"template":"","meta":{"_acf_changed":false},"product_brand":[],"product_cat":[144,130],"product_tag":[],"class_list":{"0":"post-52877","1":"product","2":"type-product","3":"status-publish","4":"has-post-thumbnail","6":"product_cat-familien-ferienwohnung","7":"product_cat-ferienwohnungen","9":"first","10":"instock","11":"sold-individually","12":"shipping-taxable","13":"purchasable","14":"product-type-phive_booking"},"acf":[],"_links":{"self":[{"href":"https:\/\/murter-online.com\/de\/wp-json\/wp\/v2\/product\/52877","targetHints":{"allow":["GET"]}}],"collection":[{"href":"https:\/\/murter-online.com\/de\/wp-json\/wp\/v2\/product"}],"about":[{"href":"https:\/\/murter-online.com\/de\/wp-json\/wp\/v2\/types\/product"}],"wp:featuredmedia":[{"embeddable":true,"href":"https:\/\/murter-online.com\/de\/wp-json\/wp\/v2\/media\/44806"}],"wp:attachment":[{"href":"https:\/\/murter-online.com\/de\/wp-json\/wp\/v2\/media?parent=52877"}],"wp:term":[{"taxonomy":"product_brand","embeddable":true,"href":"https:\/\/murter-online.com\/de\/wp-json\/wp\/v2\/product_brand?post=52877"},{"taxonomy":"product_cat","embeddable":true,"href":"https:\/\/murter-online.com\/de\/wp-json\/wp\/v2\/product_cat?post=52877"},{"taxonomy":"product_tag","embeddable":true,"href":"https:\/\/murter-online.com\/de\/wp-json\/wp\/v2\/product_tag?post=52877"}],"curies":[{"name":"wp","href":"https:\/\/api.w.org\/{rel}","templated":true}]}}