{"id":52881,"date":"2025-01-11T11:58:05","date_gmt":"2025-01-11T11:58:05","guid":{"rendered":"https:\/\/murter.riot.hr\/?post_type=product&#038;p=52881"},"modified":"2025-04-26T11:04:52","modified_gmt":"2025-04-26T10:04:52","slug":"ferienwohnung-murter-family-suit-a41-id-205","status":"publish","type":"product","link":"https:\/\/murter-online.com\/de\/produkt\/ferienwohnung-murter-family-suit-a41-id-205\/","title":{"rendered":"Ferienwohnung f\u00fcr familien Bina Murter A4+1 ID 205"},"content":{"rendered":"","protected":false},"excerpt":{"rendered":"<p>Preiswerte Familienwohnung in Murter in bester Lage! Nur 350 Meter vom Sandstrand Slanica und 250 Meter vom \u00f6rtlichen Strand Lukas entfernt. Die Wohnung befindet sich in einer ruhigen und friedlichen Lage, es gibt zwei Schlafzimmer, in denen 4 Erwachsene schlafen k\u00f6nnen, K\u00fcche und Wohnzimmer (es gibt ein Zustellbett, das zum Schlafen verwendet werden kann). Die Wohnung hat einen separaten Eingang und eine sch\u00f6ne Terrasse im Naturschatten. Parkpl\u00e4tze f\u00fcr die G\u00e4ste stehen kostenlos im Hof \u200b\u200bzur Verf\u00fcgung. Es gibt einen Au\u00dfengrill, der kostenlos genutzt werden kann. Der Preis gilt f\u00fcr 4 Personen, eine weitere Person in der Wohnung wird mit 10 Euro\/Person\/Tag berechnet. Haustiere nach Absprache.<\/p>\n","protected":false},"featured_media":44882,"template":"","meta":{"_acf_changed":false},"product_brand":[],"product_cat":[144,130],"product_tag":[],"class_list":{"0":"post-52881","1":"product","2":"type-product","3":"status-publish","4":"has-post-thumbnail","6":"product_cat-familien-ferienwohnung","7":"product_cat-ferienwohnungen","9":"first","10":"instock","11":"sold-individually","12":"shipping-taxable","13":"purchasable","14":"product-type-phive_booking"},"acf":[],"_links":{"self":[{"href":"https:\/\/murter-online.com\/de\/wp-json\/wp\/v2\/product\/52881","targetHints":{"allow":["GET"]}}],"collection":[{"href":"https:\/\/murter-online.com\/de\/wp-json\/wp\/v2\/product"}],"about":[{"href":"https:\/\/murter-online.com\/de\/wp-json\/wp\/v2\/types\/product"}],"wp:featuredmedia":[{"embeddable":true,"href":"https:\/\/murter-online.com\/de\/wp-json\/wp\/v2\/media\/44882"}],"wp:attachment":[{"href":"https:\/\/murter-online.com\/de\/wp-json\/wp\/v2\/media?parent=52881"}],"wp:term":[{"taxonomy":"product_brand","embeddable":true,"href":"https:\/\/murter-online.com\/de\/wp-json\/wp\/v2\/product_brand?post=52881"},{"taxonomy":"product_cat","embeddable":true,"href":"https:\/\/murter-online.com\/de\/wp-json\/wp\/v2\/product_cat?post=52881"},{"taxonomy":"product_tag","embeddable":true,"href":"https:\/\/murter-online.com\/de\/wp-json\/wp\/v2\/product_tag?post=52881"}],"curies":[{"name":"wp","href":"https:\/\/api.w.org\/{rel}","templated":true}]}}