{"id":52885,"date":"2025-01-12T10:21:13","date_gmt":"2025-01-12T10:21:13","guid":{"rendered":"https:\/\/murter.riot.hr\/?post_type=product&#038;p=52885"},"modified":"2025-04-14T09:53:05","modified_gmt":"2025-04-14T08:53:05","slug":"ferienwohnung-murter-jersani-a41-id-202","status":"publish","type":"product","link":"https:\/\/murter-online.com\/de\/produkt\/ferienwohnung-murter-jersani-a41-id-202\/","title":{"rendered":"Ferienwohnung mit bootsliegeplatz Murter Jersani A4+1 ID 202"},"content":{"rendered":"","protected":false},"excerpt":{"rendered":"<p>Wohnung in Murter in toller Lage, nur 100 Meter vom Meer entfernt! Neu renovierte Wohnung f\u00fcr max.5 Personen auf zwei Etagen. Es hat zwei Schlafzimmer, in denen 4 Erwachsene schlafen k\u00f6nnen, ein Wohnzimmer, das zum Schlafen genutzt werden kann. Die Wohnung befindet sich in der N\u00e4he des Strandes Podvr\u0161ke und des \u00f6rtlichen Strandes Luke. Die Wohnung verf\u00fcgt \u00fcber eine sch\u00f6ne Terrasse mit Meerblick. Die Wohnung verf\u00fcgt \u00fcber einen Liegeplatz f\u00fcr ein Boot, das extra berechnet wird. Der Aufenthalt in der Wohnung beinhaltet einen kostenlosen Parkplatz f\u00fcr ein Auto im Hof \u200b\u200bvor dem Haus. Es gibt einen offenen Grill, der genutzt werden kann. Haustiere sind nicht erlaubt.<\/p>\n","protected":false},"featured_media":46582,"template":"","meta":{"_acf_changed":false},"product_brand":[],"product_cat":[144,130,145,142],"product_tag":[],"class_list":{"0":"post-52885","1":"product","2":"type-product","3":"status-publish","4":"has-post-thumbnail","6":"product_cat-familien-ferienwohnung","7":"product_cat-ferienwohnungen","8":"product_cat-ferienwohnungen-mit-bootsliegeplatz","9":"product_cat-ferienwohnungen-mit-meerblick","11":"first","12":"instock","13":"sold-individually","14":"shipping-taxable","15":"purchasable","16":"product-type-phive_booking"},"acf":[],"_links":{"self":[{"href":"https:\/\/murter-online.com\/de\/wp-json\/wp\/v2\/product\/52885","targetHints":{"allow":["GET"]}}],"collection":[{"href":"https:\/\/murter-online.com\/de\/wp-json\/wp\/v2\/product"}],"about":[{"href":"https:\/\/murter-online.com\/de\/wp-json\/wp\/v2\/types\/product"}],"wp:featuredmedia":[{"embeddable":true,"href":"https:\/\/murter-online.com\/de\/wp-json\/wp\/v2\/media\/46582"}],"wp:attachment":[{"href":"https:\/\/murter-online.com\/de\/wp-json\/wp\/v2\/media?parent=52885"}],"wp:term":[{"taxonomy":"product_brand","embeddable":true,"href":"https:\/\/murter-online.com\/de\/wp-json\/wp\/v2\/product_brand?post=52885"},{"taxonomy":"product_cat","embeddable":true,"href":"https:\/\/murter-online.com\/de\/wp-json\/wp\/v2\/product_cat?post=52885"},{"taxonomy":"product_tag","embeddable":true,"href":"https:\/\/murter-online.com\/de\/wp-json\/wp\/v2\/product_tag?post=52885"}],"curies":[{"name":"wp","href":"https:\/\/api.w.org\/{rel}","templated":true}]}}