{"id":52890,"date":"2025-01-12T10:24:36","date_gmt":"2025-01-12T10:24:36","guid":{"rendered":"https:\/\/murter.riot.hr\/?post_type=product&#038;p=52890"},"modified":"2025-01-30T08:51:56","modified_gmt":"2025-01-30T08:51:56","slug":"ferienwohnung-murter-luke-beach-a4-id-207","status":"publish","type":"product","link":"https:\/\/murter-online.com\/de\/produkt\/ferienwohnung-murter-luke-beach-a4-id-207\/","title":{"rendered":"Ferienwohnung Murter Luke Beach A4 id 207"},"content":{"rendered":"","protected":false},"excerpt":{"rendered":"<p>Wohnung in Murter in toller Lage, nur 70 Meter vom \u00f6rtlichen Lukasstrand, vom ersten Gesch\u00e4ft und Kinderspielplatz entfernt! Die Wohnung befindet sich im Erdgeschoss und verf\u00fcgt \u00fcber zwei Terrassen. Die Wohnung verf\u00fcgt \u00fcber zwei Schlafzimmer und ein Badezimmer. Die K\u00fcche ist komplett ausgestattet. Parkpl\u00e4tze f\u00fcr das Auto stehen 70 m vom Apartment entfernt kostenlos zur Verf\u00fcgung.<\/p>\n","protected":false},"featured_media":46730,"template":"","meta":{"_acf_changed":false},"product_brand":[],"product_cat":[144,130],"product_tag":[],"class_list":{"0":"post-52890","1":"product","2":"type-product","3":"status-publish","4":"has-post-thumbnail","6":"product_cat-familien-ferienwohnung","7":"product_cat-ferienwohnungen","9":"first","10":"instock","11":"sold-individually","12":"shipping-taxable","13":"purchasable","14":"product-type-phive_booking"},"acf":[],"_links":{"self":[{"href":"https:\/\/murter-online.com\/de\/wp-json\/wp\/v2\/product\/52890","targetHints":{"allow":["GET"]}}],"collection":[{"href":"https:\/\/murter-online.com\/de\/wp-json\/wp\/v2\/product"}],"about":[{"href":"https:\/\/murter-online.com\/de\/wp-json\/wp\/v2\/types\/product"}],"wp:featuredmedia":[{"embeddable":true,"href":"https:\/\/murter-online.com\/de\/wp-json\/wp\/v2\/media\/46730"}],"wp:attachment":[{"href":"https:\/\/murter-online.com\/de\/wp-json\/wp\/v2\/media?parent=52890"}],"wp:term":[{"taxonomy":"product_brand","embeddable":true,"href":"https:\/\/murter-online.com\/de\/wp-json\/wp\/v2\/product_brand?post=52890"},{"taxonomy":"product_cat","embeddable":true,"href":"https:\/\/murter-online.com\/de\/wp-json\/wp\/v2\/product_cat?post=52890"},{"taxonomy":"product_tag","embeddable":true,"href":"https:\/\/murter-online.com\/de\/wp-json\/wp\/v2\/product_tag?post=52890"}],"curies":[{"name":"wp","href":"https:\/\/api.w.org\/{rel}","templated":true}]}}